{"id":1843,"date":"2026-04-13T18:11:36","date_gmt":"2026-04-13T18:11:36","guid":{"rendered":"https:\/\/onescrubs.com\/?post_type=product&#038;p=1843"},"modified":"2026-04-16T13:27:20","modified_gmt":"2026-04-16T13:27:20","slug":"momo-top-deep-navy","status":"publish","type":"product","link":"https:\/\/onescrubs.com\/en\/product\/momo-top-deep-navy\/","title":{"rendered":"momo top deep navy"},"content":{"rendered":"","protected":false},"excerpt":{"rendered":"<hr \/>\n<p>Wyj\u0105tkowo uniwersalny i niezwykle elegancki w swojej prostocie.<br \/>\nKr\u00f3tki r\u0119kaw przed \u0142okie\u0107 dodaje nowoczesnego charakteru i zapewnia pe\u0142n\u0105 swobod\u0119 ruch\u00f3w. Idealny do pracy w gabinecie lub szpitalu.<br \/>\nPraktyczne, tylne zapi\u0119cie u\u0142atwia zak\u0142adanie przez g\u0142ow\u0119 i niweluje problem odbijania si\u0119 makija\u017cu podczas wk\u0142adania przez g\u0142ow\u0119.<\/p>\n<p><span class=\"s1\">Dost\u0119pny w dw\u00f3ch d\u0142ugo\u015bciach:<br \/>\n<\/span><span class=\"s1\"><strong>Regular<\/strong> \u2013 klasyczna d\u0142ugo\u015b\u0107<br \/>\n<\/span><span class=\"s1\"><strong>Petite<\/strong> \u2013 skr\u00f3cona wersja dopasowana do ni\u017cszego wzrostu<\/span><\/p>\n<p>Dost\u0119pne kolory:<br \/>\n<span class=\"s1\"><strong>Creamy White<\/strong> \/ <strong>Deep Navy<\/strong> \/ <strong>Dark Brown<\/strong> \/ <strong>Classic Black<\/strong><br \/>\n<\/span><\/p>\n<hr \/>\n<p><a class=\"popmake-593\" href=\"#\">Size chart<\/a><\/p>\n<p>Modelka 170 cm (zdj\u0119cie 1-3) ma na sobie rozmiar S petite<\/p>\n<p><em>Ps. <strong>Top petite<\/strong> oraz <strong>spodnie regular<\/strong> odpowiadaj\u0105 naszej wcze\u015bniejszej rozmiar\u00f3wce.<\/em><\/p>\n<hr \/>\n<details class=\"details-clean\">\n<summary>Composition and care<\/summary>\n<div style=\"margin-top: 10px; color: #555; line-height: 1.6;\">\n<p>70% viscose<br \/>\n24% poliamid<br \/>\n6% elastan<\/p>\n<p>Pranie delikatne, temperatura 30\u00b0C<br \/>\nPra\u0107 na lewej stronie<br \/>\nNie suszy\u0107 w suszarce<br \/>\nNie wybiela\u0107\/chlorowa\u0107<br \/>\nTemperatura prasowania max 150\u00b0C<br \/>\nWyroby suszy\u0107 na wisz\u0105co, przed powieszeniem nada\u0107 odpowiedni kszta\u0142t<\/p>\n<\/div>\n<\/details>\n<hr \/>\n<p style=\"margin: 10px 0; font-size: 13px; letter-spacing: 0.5px;\"><strong>PREORDER<\/strong><br \/>\nProdukt szyty na zam\u00f3wienie<br \/>\nCzas realizacji: do 3 tygodni<\/p>","protected":false},"featured_media":2044,"comment_status":"open","ping_status":"closed","template":"","meta":{"_kad_post_transparent":"default","_kad_post_title":"","_kad_post_layout":"default","_kad_post_sidebar_id":"","_kad_post_content_style":"default","_kad_post_vertical_padding":"default","_kad_post_feature":"","_kad_post_feature_position":"","_kad_post_header":false,"_kad_post_footer":false,"_kad_post_classname":""},"product_brand":[],"product_cat":[17,19],"product_tag":[24],"giftcard-category":[],"class_list":{"0":"post-1843","1":"product","2":"type-product","3":"status-publish","4":"has-post-thumbnail","6":"product_cat-damskie","7":"product_cat-top-damski","8":"product_tag-medyczny","10":"first","11":"instock","12":"taxable","13":"shipping-taxable","14":"purchasable","15":"product-type-variable","16":"entry","17":"content-bg","18":"loop-entry"},"yoast_head":"<!-- This site is optimized with the Yoast SEO plugin v27.4 - https:\/\/yoast.com\/product\/yoast-seo-wordpress\/ -->\n<title>momo top deep navy - OneScrubs.<\/title>\n<meta name=\"robots\" content=\"index, follow, max-snippet:-1, max-image-preview:large, max-video-preview:-1\" \/>\n<link rel=\"canonical\" href=\"https:\/\/onescrubs.com\/en\/product\/momo-top-deep-navy\/\" \/>\n<meta property=\"og:locale\" content=\"en_US\" \/>\n<meta property=\"og:type\" content=\"article\" \/>\n<meta property=\"og:title\" content=\"momo top deep navy - OneScrubs.\" \/>\n<meta property=\"og:description\" content=\"Wyj\u0105tkowo uniwersalny i niezwykle elegancki w swojej prostocie. Kr\u00f3tki r\u0119kaw przed \u0142okie\u0107 dodaje nowoczesnego charakteru i zapewnia pe\u0142n\u0105 swobod\u0119 ruch\u00f3w. Idealny do pracy w gabinecie lub szpitalu. Praktyczne, tylne zapi\u0119cie u\u0142atwia zak\u0142adanie przez g\u0142ow\u0119 i niweluje problem odbijania si\u0119 makija\u017cu podczas wk\u0142adania przez g\u0142ow\u0119.  Dost\u0119pny w dw\u00f3ch d\u0142ugo\u015bciach: Regular \u2013 klasyczna d\u0142ugo\u015b\u0107 Petite \u2013 skr\u00f3cona wersja dopasowana do ni\u017cszego wzrostu  Dost\u0119pne kolory: Creamy White \/ Deep Navy \/ Dark Brown \/ Classic Black     Tabela rozmiar\u00f3w  Modelka 170 cm (zdj\u0119cie 1-3) ma na sobie rozmiar S petite  Ps. Top petite oraz spodnie regular odpowiadaj\u0105 naszej wcze\u015bniejszej rozmiar\u00f3wce.    Sk\u0142ad i piel\u0119gnacja   70% wiskoza 24% poliamid 6% elastan  Pranie delikatne, temperatura 30\u00b0C Pra\u0107 na lewej stronie Nie suszy\u0107 w suszarce Nie wybiela\u0107\/chlorowa\u0107 Temperatura prasowania max 150\u00b0C Wyroby suszy\u0107 na wisz\u0105co, przed powieszeniem nada\u0107 odpowiedni kszta\u0142t      PREORDER Produkt szyty na zam\u00f3wienie Czas realizacji: do 3 tygodni\" \/>\n<meta property=\"og:url\" content=\"https:\/\/onescrubs.com\/en\/product\/momo-top-deep-navy\/\" \/>\n<meta property=\"og:site_name\" content=\"OneScrubs.\" \/>\n<meta property=\"article:publisher\" content=\"https:\/\/www.facebook.com\/profile.php?id=61583262397130\" \/>\n<meta property=\"article:modified_time\" content=\"2026-04-16T13:27:20+00:00\" \/>\n<meta property=\"og:image\" content=\"https:\/\/onescrubs.com\/wp-content\/uploads\/2026\/04\/IMG_2091-3.jpg\" \/>\n\t<meta property=\"og:image:width\" content=\"1229\" \/>\n\t<meta property=\"og:image:height\" content=\"1639\" \/>\n\t<meta property=\"og:image:type\" content=\"image\/jpeg\" \/>\n<meta name=\"twitter:card\" content=\"summary_large_image\" \/>\n<meta name=\"twitter:label1\" content=\"Est. reading time\" \/>\n\t<meta name=\"twitter:data1\" content=\"1 minute\" \/>\n<script type=\"application\/ld+json\" class=\"yoast-schema-graph\">{\"@context\":\"https:\\\/\\\/schema.org\",\"@graph\":[{\"@type\":\"WebPage\",\"@id\":\"https:\\\/\\\/onescrubs.com\\\/produkt\\\/momo-top-deep-navy\\\/\",\"url\":\"https:\\\/\\\/onescrubs.com\\\/produkt\\\/momo-top-deep-navy\\\/\",\"name\":\"momo top deep navy - OneScrubs.\",\"isPartOf\":{\"@id\":\"https:\\\/\\\/onescrubs.com\\\/#website\"},\"primaryImageOfPage\":{\"@id\":\"https:\\\/\\\/onescrubs.com\\\/produkt\\\/momo-top-deep-navy\\\/#primaryimage\"},\"image\":{\"@id\":\"https:\\\/\\\/onescrubs.com\\\/produkt\\\/momo-top-deep-navy\\\/#primaryimage\"},\"thumbnailUrl\":\"https:\\\/\\\/onescrubs.com\\\/wp-content\\\/uploads\\\/2026\\\/04\\\/IMG_2091-3.jpg\",\"datePublished\":\"2026-04-13T18:11:36+00:00\",\"dateModified\":\"2026-04-16T13:27:20+00:00\",\"breadcrumb\":{\"@id\":\"https:\\\/\\\/onescrubs.com\\\/produkt\\\/momo-top-deep-navy\\\/#breadcrumb\"},\"inLanguage\":\"en-US\",\"potentialAction\":[{\"@type\":\"ReadAction\",\"target\":[\"https:\\\/\\\/onescrubs.com\\\/produkt\\\/momo-top-deep-navy\\\/\"]}]},{\"@type\":\"ImageObject\",\"inLanguage\":\"en-US\",\"@id\":\"https:\\\/\\\/onescrubs.com\\\/produkt\\\/momo-top-deep-navy\\\/#primaryimage\",\"url\":\"https:\\\/\\\/onescrubs.com\\\/wp-content\\\/uploads\\\/2026\\\/04\\\/IMG_2091-3.jpg\",\"contentUrl\":\"https:\\\/\\\/onescrubs.com\\\/wp-content\\\/uploads\\\/2026\\\/04\\\/IMG_2091-3.jpg\",\"width\":1229,\"height\":1639,\"caption\":\"Evoto\"},{\"@type\":\"BreadcrumbList\",\"@id\":\"https:\\\/\\\/onescrubs.com\\\/produkt\\\/momo-top-deep-navy\\\/#breadcrumb\",\"itemListElement\":[{\"@type\":\"ListItem\",\"position\":1,\"name\":\"Strona g\u0142\u00f3wna\",\"item\":\"https:\\\/\\\/onescrubs.com\\\/\"},{\"@type\":\"ListItem\",\"position\":2,\"name\":\"Sklep\",\"item\":\"https:\\\/\\\/onescrubs.com\\\/sklep\\\/\"},{\"@type\":\"ListItem\",\"position\":3,\"name\":\"momo top deep navy\"}]},{\"@type\":\"WebSite\",\"@id\":\"https:\\\/\\\/onescrubs.com\\\/#website\",\"url\":\"https:\\\/\\\/onescrubs.com\\\/\",\"name\":\"OneScrubs.\",\"description\":\"\",\"publisher\":{\"@id\":\"https:\\\/\\\/onescrubs.com\\\/#organization\"},\"potentialAction\":[{\"@type\":\"SearchAction\",\"target\":{\"@type\":\"EntryPoint\",\"urlTemplate\":\"https:\\\/\\\/onescrubs.com\\\/?s={search_term_string}\"},\"query-input\":{\"@type\":\"PropertyValueSpecification\",\"valueRequired\":true,\"valueName\":\"search_term_string\"}}],\"inLanguage\":\"en-US\"},{\"@type\":\"Organization\",\"@id\":\"https:\\\/\\\/onescrubs.com\\\/#organization\",\"name\":\"OneScrubs.\",\"url\":\"https:\\\/\\\/onescrubs.com\\\/\",\"logo\":{\"@type\":\"ImageObject\",\"inLanguage\":\"en-US\",\"@id\":\"https:\\\/\\\/onescrubs.com\\\/#\\\/schema\\\/logo\\\/image\\\/\",\"url\":\"https:\\\/\\\/onescrubs.com\\\/wp-content\\\/uploads\\\/2025\\\/09\\\/PNG-scaled.png\",\"contentUrl\":\"https:\\\/\\\/onescrubs.com\\\/wp-content\\\/uploads\\\/2025\\\/09\\\/PNG-scaled.png\",\"width\":2560,\"height\":400,\"caption\":\"OneScrubs.\"},\"image\":{\"@id\":\"https:\\\/\\\/onescrubs.com\\\/#\\\/schema\\\/logo\\\/image\\\/\"},\"sameAs\":[\"https:\\\/\\\/www.facebook.com\\\/profile.php?id=61583262397130\",\"https:\\\/\\\/www.instagram.com\\\/one_scrubs\\\/\"]}]}<\/script>\n<!-- \/ Yoast SEO plugin. -->","yoast_head_json":{"title":"momo top deep navy - OneScrubs.","robots":{"index":"index","follow":"follow","max-snippet":"max-snippet:-1","max-image-preview":"max-image-preview:large","max-video-preview":"max-video-preview:-1"},"canonical":"https:\/\/onescrubs.com\/en\/product\/momo-top-deep-navy\/","og_locale":"en_US","og_type":"article","og_title":"momo top deep navy - OneScrubs.","og_description":"Wyj\u0105tkowo uniwersalny i niezwykle elegancki w swojej prostocie. Kr\u00f3tki r\u0119kaw przed \u0142okie\u0107 dodaje nowoczesnego charakteru i zapewnia pe\u0142n\u0105 swobod\u0119 ruch\u00f3w. Idealny do pracy w gabinecie lub szpitalu. Praktyczne, tylne zapi\u0119cie u\u0142atwia zak\u0142adanie przez g\u0142ow\u0119 i niweluje problem odbijania si\u0119 makija\u017cu podczas wk\u0142adania przez g\u0142ow\u0119.  Dost\u0119pny w dw\u00f3ch d\u0142ugo\u015bciach: Regular \u2013 klasyczna d\u0142ugo\u015b\u0107 Petite \u2013 skr\u00f3cona wersja dopasowana do ni\u017cszego wzrostu  Dost\u0119pne kolory: Creamy White \/ Deep Navy \/ Dark Brown \/ Classic Black     Tabela rozmiar\u00f3w  Modelka 170 cm (zdj\u0119cie 1-3) ma na sobie rozmiar S petite  Ps. Top petite oraz spodnie regular odpowiadaj\u0105 naszej wcze\u015bniejszej rozmiar\u00f3wce.    Sk\u0142ad i piel\u0119gnacja   70% wiskoza 24% poliamid 6% elastan  Pranie delikatne, temperatura 30\u00b0C Pra\u0107 na lewej stronie Nie suszy\u0107 w suszarce Nie wybiela\u0107\/chlorowa\u0107 Temperatura prasowania max 150\u00b0C Wyroby suszy\u0107 na wisz\u0105co, przed powieszeniem nada\u0107 odpowiedni kszta\u0142t      PREORDER Produkt szyty na zam\u00f3wienie Czas realizacji: do 3 tygodni","og_url":"https:\/\/onescrubs.com\/en\/product\/momo-top-deep-navy\/","og_site_name":"OneScrubs.","article_publisher":"https:\/\/www.facebook.com\/profile.php?id=61583262397130","article_modified_time":"2026-04-16T13:27:20+00:00","og_image":[{"width":1229,"height":1639,"url":"https:\/\/onescrubs.com\/wp-content\/uploads\/2026\/04\/IMG_2091-3.jpg","type":"image\/jpeg"}],"twitter_card":"summary_large_image","twitter_misc":{"Est. reading time":"1 minute"},"schema":{"@context":"https:\/\/schema.org","@graph":[{"@type":"WebPage","@id":"https:\/\/onescrubs.com\/produkt\/momo-top-deep-navy\/","url":"https:\/\/onescrubs.com\/produkt\/momo-top-deep-navy\/","name":"momo top deep navy - OneScrubs.","isPartOf":{"@id":"https:\/\/onescrubs.com\/#website"},"primaryImageOfPage":{"@id":"https:\/\/onescrubs.com\/produkt\/momo-top-deep-navy\/#primaryimage"},"image":{"@id":"https:\/\/onescrubs.com\/produkt\/momo-top-deep-navy\/#primaryimage"},"thumbnailUrl":"https:\/\/onescrubs.com\/wp-content\/uploads\/2026\/04\/IMG_2091-3.jpg","datePublished":"2026-04-13T18:11:36+00:00","dateModified":"2026-04-16T13:27:20+00:00","breadcrumb":{"@id":"https:\/\/onescrubs.com\/produkt\/momo-top-deep-navy\/#breadcrumb"},"inLanguage":"en-US","potentialAction":[{"@type":"ReadAction","target":["https:\/\/onescrubs.com\/produkt\/momo-top-deep-navy\/"]}]},{"@type":"ImageObject","inLanguage":"en-US","@id":"https:\/\/onescrubs.com\/produkt\/momo-top-deep-navy\/#primaryimage","url":"https:\/\/onescrubs.com\/wp-content\/uploads\/2026\/04\/IMG_2091-3.jpg","contentUrl":"https:\/\/onescrubs.com\/wp-content\/uploads\/2026\/04\/IMG_2091-3.jpg","width":1229,"height":1639,"caption":"Evoto"},{"@type":"BreadcrumbList","@id":"https:\/\/onescrubs.com\/produkt\/momo-top-deep-navy\/#breadcrumb","itemListElement":[{"@type":"ListItem","position":1,"name":"Strona g\u0142\u00f3wna","item":"https:\/\/onescrubs.com\/"},{"@type":"ListItem","position":2,"name":"Sklep","item":"https:\/\/onescrubs.com\/sklep\/"},{"@type":"ListItem","position":3,"name":"momo top deep navy"}]},{"@type":"WebSite","@id":"https:\/\/onescrubs.com\/#website","url":"https:\/\/onescrubs.com\/","name":"OneScrubs.","description":"","publisher":{"@id":"https:\/\/onescrubs.com\/#organization"},"potentialAction":[{"@type":"SearchAction","target":{"@type":"EntryPoint","urlTemplate":"https:\/\/onescrubs.com\/?s={search_term_string}"},"query-input":{"@type":"PropertyValueSpecification","valueRequired":true,"valueName":"search_term_string"}}],"inLanguage":"en-US"},{"@type":"Organization","@id":"https:\/\/onescrubs.com\/#organization","name":"OneScrubs.","url":"https:\/\/onescrubs.com\/","logo":{"@type":"ImageObject","inLanguage":"en-US","@id":"https:\/\/onescrubs.com\/#\/schema\/logo\/image\/","url":"https:\/\/onescrubs.com\/wp-content\/uploads\/2025\/09\/PNG-scaled.png","contentUrl":"https:\/\/onescrubs.com\/wp-content\/uploads\/2025\/09\/PNG-scaled.png","width":2560,"height":400,"caption":"OneScrubs."},"image":{"@id":"https:\/\/onescrubs.com\/#\/schema\/logo\/image\/"},"sameAs":["https:\/\/www.facebook.com\/profile.php?id=61583262397130","https:\/\/www.instagram.com\/one_scrubs\/"]}]}},"_links":{"self":[{"href":"https:\/\/onescrubs.com\/en\/wp-json\/wp\/v2\/product\/1843","targetHints":{"allow":["GET"]}}],"collection":[{"href":"https:\/\/onescrubs.com\/en\/wp-json\/wp\/v2\/product"}],"about":[{"href":"https:\/\/onescrubs.com\/en\/wp-json\/wp\/v2\/types\/product"}],"replies":[{"embeddable":true,"href":"https:\/\/onescrubs.com\/en\/wp-json\/wp\/v2\/comments?post=1843"}],"wp:featuredmedia":[{"embeddable":true,"href":"https:\/\/onescrubs.com\/en\/wp-json\/wp\/v2\/media\/2044"}],"wp:attachment":[{"href":"https:\/\/onescrubs.com\/en\/wp-json\/wp\/v2\/media?parent=1843"}],"wp:term":[{"taxonomy":"product_brand","embeddable":true,"href":"https:\/\/onescrubs.com\/en\/wp-json\/wp\/v2\/product_brand?post=1843"},{"taxonomy":"product_cat","embeddable":true,"href":"https:\/\/onescrubs.com\/en\/wp-json\/wp\/v2\/product_cat?post=1843"},{"taxonomy":"product_tag","embeddable":true,"href":"https:\/\/onescrubs.com\/en\/wp-json\/wp\/v2\/product_tag?post=1843"},{"taxonomy":"giftcard-category","embeddable":true,"href":"https:\/\/onescrubs.com\/en\/wp-json\/wp\/v2\/giftcard-category?post=1843"}],"curies":[{"name":"wp","href":"https:\/\/api.w.org\/{rel}","templated":true}]}}