{"id":1775,"date":"2026-04-13T10:59:15","date_gmt":"2026-04-13T10:59:15","guid":{"rendered":"https:\/\/onescrubs.com\/?post_type=product&#038;p=1775"},"modified":"2026-04-14T14:02:04","modified_gmt":"2026-04-14T14:02:04","slug":"gift_card","status":"publish","type":"product","link":"https:\/\/onescrubs.com\/en\/product\/gift_card\/","title":{"rendered":"Gift Card OneScrubs"},"content":{"rendered":"<p>Idealny prezent dla bliskiej osoby.<br \/>\nDaj swobod\u0119 wyboru i pewno\u015b\u0107, \u017ce prezent b\u0119dzie trafiony.<\/p>\n<p>Szczeg\u00f3\u0142y:<br \/>\n\u2022 Karta podarunkowa do wykorzystania w sklepie online:\u00a0<a href=\"https:\/\/onescrubs.com\/en\/\" target=\"_blank\" rel=\"noopener\" data-saferedirecturl=\"https:\/\/www.google.com\/url?q=http:\/\/www.onescrubs.com&amp;source=gmail&amp;ust=1776164231866000&amp;usg=AOvVaw1jIm1J-LVJy0EPj6QA_qpW\">www.onescrubs.com<\/a><br \/>\n\u2022 Dost\u0119pne warto\u015bci: 250 z\u0142 \/ 300 z\u0142 \/ 500 z\u0142 \/ 700 z\u0142 \/ 1000 z\u0142<br \/>\n\u2022 Wa\u017cno\u015b\u0107: 12 miesi\u0119cy od daty zakupu<br \/>\n\u2022 Karta wysy\u0142ana w formie elektronicznej (e-mail)<br \/>\n\u2022 Mo\u017cliwo\u015b\u0107 wykorzystania na wszystkie produkty dost\u0119pne w sklepie<br \/>\n\u2022 Kart\u0119 mo\u017cna wykorzysta\u0107 jednorazowo lub w kilku transakcjach \u2013 do wyczerpania \u015brodk\u00f3w<br \/>\n\u2022 Karta nie podlega zwrotowi ani wymianie na got\u00f3wk\u0119<br \/>\n\u2022 W przypadku zwrotu produktu zakupionego kart\u0105 \u2013 \u015brodki wracaj\u0105 na kart\u0119 podarunkow\u0105<\/p>\n<p>Jak to dzia\u0142a?<br \/>\n1. Wybierz warto\u015b\u0107 karty podarunkowej<br \/>\n2. Dodaj j\u0105 do koszyka<br \/>\n3. Op\u0142a\u0107 zam\u00f3wienie<br \/>\n4. Otrzymasz kart\u0119 w formie elektronicznej na adres e-mail podany w zam\u00f3wieniu<\/p>\n<p>Jak skorzysta\u0107 z karty?<br \/>\nPodczas sk\u0142adania zam\u00f3wienia wpisz otrzymany kod w polu \u201ekod rabatowy\u201d, a jego warto\u015b\u0107 zostanie automatycznie odj\u0119ta od koszyka.<\/p>","protected":false},"excerpt":{"rendered":"<p>Idealny prezent dla bliskiej osoby.<br \/>\nDaj swobod\u0119 wyboru i pewno\u015b\u0107, \u017ce prezent b\u0119dzie trafiony.<\/p>\n<p>Szczeg\u00f3\u0142y:<br \/>\n\u2022 Karta podarunkowa do wykorzystania w sklepie online:\u00a0<a href=\"https:\/\/onescrubs.com\/en\/\" target=\"_blank\" rel=\"noopener\" data-saferedirecturl=\"https:\/\/www.google.com\/url?q=http:\/\/www.onescrubs.com&amp;source=gmail&amp;ust=1776164231866000&amp;usg=AOvVaw1jIm1J-LVJy0EPj6QA_qpW\">www.onescrubs.com<\/a><br \/>\n\u2022 Dost\u0119pne warto\u015bci: 250 z\u0142 \/ 300 z\u0142 \/ 500 z\u0142 \/ 700 z\u0142 \/ 1000 z\u0142<br \/>\n\u2022 Wa\u017cno\u015b\u0107: 12 miesi\u0119cy od daty zakupu<br \/>\n\u2022 Karta wysy\u0142ana w formie elektronicznej (e-mail)<br \/>\n\u2022 Mo\u017cliwo\u015b\u0107 wykorzystania na wszystkie produkty dost\u0119pne w sklepie<br \/>\n\u2022 Kart\u0119 mo\u017cna wykorzysta\u0107 jednorazowo lub w kilku transakcjach \u2013 do wyczerpania \u015brodk\u00f3w<br \/>\n\u2022 Karta nie podlega zwrotowi ani wymianie na got\u00f3wk\u0119<br \/>\n\u2022 W przypadku zwrotu produktu zakupionego kart\u0105 \u2013 \u015brodki wracaj\u0105 na kart\u0119 podarunkow\u0105<\/p>\n<p>Jak to dzia\u0142a?<br \/>\n1. Wybierz warto\u015b\u0107 karty podarunkowej<br \/>\n2. Dodaj j\u0105 do koszyka<br \/>\n3. Op\u0142a\u0107 zam\u00f3wienie<br \/>\n4. Otrzymasz kart\u0119 w formie elektronicznej na adres e-mail podany w zam\u00f3wieniu<\/p>\n<p>Jak skorzysta\u0107 z karty?<br \/>\nPodczas sk\u0142adania zam\u00f3wienia wpisz otrzymany kod w polu \u201ekod rabatowy\u201d, a jego warto\u015b\u0107 zostanie automatycznie odj\u0119ta od koszyka.<\/p>","protected":false},"featured_media":2029,"comment_status":"closed","ping_status":"closed","template":"","meta":{"_kad_post_transparent":"default","_kad_post_title":"","_kad_post_layout":"default","_kad_post_sidebar_id":"","_kad_post_content_style":"default","_kad_post_vertical_padding":"default","_kad_post_feature":"","_kad_post_feature_position":"","_kad_post_header":false,"_kad_post_footer":false,"_kad_post_classname":""},"product_brand":[],"product_cat":[43],"product_tag":[],"giftcard-category":[],"class_list":{"0":"post-1775","1":"product","2":"type-product","3":"status-publish","4":"has-post-thumbnail","6":"product_cat-gift-card","8":"first","9":"instock","10":"virtual","11":"purchasable","12":"product-type-gift-card","13":"entry","14":"content-bg","15":"loop-entry"},"yoast_head":"<!-- This site is optimized with the Yoast SEO plugin v27.4 - https:\/\/yoast.com\/product\/yoast-seo-wordpress\/ -->\n<title>Gift Card OneScrubs - OneScrubs.<\/title>\n<meta name=\"robots\" content=\"index, follow, max-snippet:-1, max-image-preview:large, max-video-preview:-1\" \/>\n<link rel=\"canonical\" href=\"https:\/\/onescrubs.com\/en\/product\/gift_card\/\" \/>\n<meta property=\"og:locale\" content=\"en_US\" \/>\n<meta property=\"og:type\" content=\"article\" \/>\n<meta property=\"og:title\" content=\"Gift Card OneScrubs - OneScrubs.\" \/>\n<meta property=\"og:description\" content=\"Idealny prezent dla bliskiej osoby. Daj swobod\u0119 wyboru i pewno\u015b\u0107, \u017ce prezent b\u0119dzie trafiony.  Szczeg\u00f3\u0142y: \u2022 Karta podarunkowa do wykorzystania w sklepie online:\u00a0www.onescrubs.com \u2022 Dost\u0119pne warto\u015bci: 250 z\u0142 \/ 300 z\u0142 \/ 500 z\u0142 \/ 700 z\u0142 \/ 1000 z\u0142 \u2022 Wa\u017cno\u015b\u0107: 12 miesi\u0119cy od daty zakupu \u2022 Karta wysy\u0142ana w formie elektronicznej (e-mail) \u2022 Mo\u017cliwo\u015b\u0107 wykorzystania na wszystkie produkty dost\u0119pne w sklepie \u2022 Kart\u0119 mo\u017cna wykorzysta\u0107 jednorazowo lub w kilku transakcjach \u2013 do wyczerpania \u015brodk\u00f3w \u2022 Karta nie podlega zwrotowi ani wymianie na got\u00f3wk\u0119 \u2022 W przypadku zwrotu produktu zakupionego kart\u0105 \u2013 \u015brodki wracaj\u0105 na kart\u0119 podarunkow\u0105  Jak to dzia\u0142a? 1. Wybierz warto\u015b\u0107 karty podarunkowej 2. Dodaj j\u0105 do koszyka 3. Op\u0142a\u0107 zam\u00f3wienie 4. Otrzymasz kart\u0119 w formie elektronicznej na adres e-mail podany w zam\u00f3wieniu  Jak skorzysta\u0107 z karty? Podczas sk\u0142adania zam\u00f3wienia wpisz otrzymany kod w polu \u201ekod rabatowy\u201d, a jego warto\u015b\u0107 zostanie automatycznie odj\u0119ta od koszyka.\" \/>\n<meta property=\"og:url\" content=\"https:\/\/onescrubs.com\/en\/product\/gift_card\/\" \/>\n<meta property=\"og:site_name\" content=\"OneScrubs.\" \/>\n<meta property=\"article:publisher\" content=\"https:\/\/www.facebook.com\/profile.php?id=61583262397130\" \/>\n<meta property=\"article:modified_time\" content=\"2026-04-14T14:02:04+00:00\" \/>\n<meta property=\"og:image\" content=\"https:\/\/onescrubs.com\/wp-content\/uploads\/2026\/04\/gtc.jpg\" \/>\n\t<meta property=\"og:image:width\" content=\"1079\" \/>\n\t<meta property=\"og:image:height\" content=\"721\" \/>\n\t<meta property=\"og:image:type\" content=\"image\/jpeg\" \/>\n<meta name=\"twitter:card\" content=\"summary_large_image\" \/>\n<meta name=\"twitter:label1\" content=\"Est. reading time\" \/>\n\t<meta name=\"twitter:data1\" content=\"1 minute\" \/>\n<script type=\"application\/ld+json\" class=\"yoast-schema-graph\">{\"@context\":\"https:\\\/\\\/schema.org\",\"@graph\":[{\"@type\":\"WebPage\",\"@id\":\"https:\\\/\\\/onescrubs.com\\\/produkt\\\/gift_card\\\/\",\"url\":\"https:\\\/\\\/onescrubs.com\\\/produkt\\\/gift_card\\\/\",\"name\":\"Gift Card OneScrubs - OneScrubs.\",\"isPartOf\":{\"@id\":\"https:\\\/\\\/onescrubs.com\\\/#website\"},\"primaryImageOfPage\":{\"@id\":\"https:\\\/\\\/onescrubs.com\\\/produkt\\\/gift_card\\\/#primaryimage\"},\"image\":{\"@id\":\"https:\\\/\\\/onescrubs.com\\\/produkt\\\/gift_card\\\/#primaryimage\"},\"thumbnailUrl\":\"https:\\\/\\\/onescrubs.com\\\/wp-content\\\/uploads\\\/2026\\\/04\\\/gtc.jpg\",\"datePublished\":\"2026-04-13T10:59:15+00:00\",\"dateModified\":\"2026-04-14T14:02:04+00:00\",\"breadcrumb\":{\"@id\":\"https:\\\/\\\/onescrubs.com\\\/produkt\\\/gift_card\\\/#breadcrumb\"},\"inLanguage\":\"en-US\",\"potentialAction\":[{\"@type\":\"ReadAction\",\"target\":[\"https:\\\/\\\/onescrubs.com\\\/produkt\\\/gift_card\\\/\"]}]},{\"@type\":\"ImageObject\",\"inLanguage\":\"en-US\",\"@id\":\"https:\\\/\\\/onescrubs.com\\\/produkt\\\/gift_card\\\/#primaryimage\",\"url\":\"https:\\\/\\\/onescrubs.com\\\/wp-content\\\/uploads\\\/2026\\\/04\\\/gtc.jpg\",\"contentUrl\":\"https:\\\/\\\/onescrubs.com\\\/wp-content\\\/uploads\\\/2026\\\/04\\\/gtc.jpg\",\"width\":1079,\"height\":721},{\"@type\":\"BreadcrumbList\",\"@id\":\"https:\\\/\\\/onescrubs.com\\\/produkt\\\/gift_card\\\/#breadcrumb\",\"itemListElement\":[{\"@type\":\"ListItem\",\"position\":1,\"name\":\"Strona g\u0142\u00f3wna\",\"item\":\"https:\\\/\\\/onescrubs.com\\\/\"},{\"@type\":\"ListItem\",\"position\":2,\"name\":\"Sklep\",\"item\":\"https:\\\/\\\/onescrubs.com\\\/sklep\\\/\"},{\"@type\":\"ListItem\",\"position\":3,\"name\":\"Gift Card OneScrubs\"}]},{\"@type\":\"WebSite\",\"@id\":\"https:\\\/\\\/onescrubs.com\\\/#website\",\"url\":\"https:\\\/\\\/onescrubs.com\\\/\",\"name\":\"OneScrubs.\",\"description\":\"\",\"publisher\":{\"@id\":\"https:\\\/\\\/onescrubs.com\\\/#organization\"},\"potentialAction\":[{\"@type\":\"SearchAction\",\"target\":{\"@type\":\"EntryPoint\",\"urlTemplate\":\"https:\\\/\\\/onescrubs.com\\\/?s={search_term_string}\"},\"query-input\":{\"@type\":\"PropertyValueSpecification\",\"valueRequired\":true,\"valueName\":\"search_term_string\"}}],\"inLanguage\":\"en-US\"},{\"@type\":\"Organization\",\"@id\":\"https:\\\/\\\/onescrubs.com\\\/#organization\",\"name\":\"OneScrubs.\",\"url\":\"https:\\\/\\\/onescrubs.com\\\/\",\"logo\":{\"@type\":\"ImageObject\",\"inLanguage\":\"en-US\",\"@id\":\"https:\\\/\\\/onescrubs.com\\\/#\\\/schema\\\/logo\\\/image\\\/\",\"url\":\"https:\\\/\\\/onescrubs.com\\\/wp-content\\\/uploads\\\/2025\\\/09\\\/PNG-scaled.png\",\"contentUrl\":\"https:\\\/\\\/onescrubs.com\\\/wp-content\\\/uploads\\\/2025\\\/09\\\/PNG-scaled.png\",\"width\":2560,\"height\":400,\"caption\":\"OneScrubs.\"},\"image\":{\"@id\":\"https:\\\/\\\/onescrubs.com\\\/#\\\/schema\\\/logo\\\/image\\\/\"},\"sameAs\":[\"https:\\\/\\\/www.facebook.com\\\/profile.php?id=61583262397130\",\"https:\\\/\\\/www.instagram.com\\\/one_scrubs\\\/\"]}]}<\/script>\n<!-- \/ Yoast SEO plugin. -->","yoast_head_json":{"title":"Gift Card OneScrubs - OneScrubs.","robots":{"index":"index","follow":"follow","max-snippet":"max-snippet:-1","max-image-preview":"max-image-preview:large","max-video-preview":"max-video-preview:-1"},"canonical":"https:\/\/onescrubs.com\/en\/product\/gift_card\/","og_locale":"en_US","og_type":"article","og_title":"Gift Card OneScrubs - OneScrubs.","og_description":"Idealny prezent dla bliskiej osoby. Daj swobod\u0119 wyboru i pewno\u015b\u0107, \u017ce prezent b\u0119dzie trafiony.  Szczeg\u00f3\u0142y: \u2022 Karta podarunkowa do wykorzystania w sklepie online:\u00a0www.onescrubs.com \u2022 Dost\u0119pne warto\u015bci: 250 z\u0142 \/ 300 z\u0142 \/ 500 z\u0142 \/ 700 z\u0142 \/ 1000 z\u0142 \u2022 Wa\u017cno\u015b\u0107: 12 miesi\u0119cy od daty zakupu \u2022 Karta wysy\u0142ana w formie elektronicznej (e-mail) \u2022 Mo\u017cliwo\u015b\u0107 wykorzystania na wszystkie produkty dost\u0119pne w sklepie \u2022 Kart\u0119 mo\u017cna wykorzysta\u0107 jednorazowo lub w kilku transakcjach \u2013 do wyczerpania \u015brodk\u00f3w \u2022 Karta nie podlega zwrotowi ani wymianie na got\u00f3wk\u0119 \u2022 W przypadku zwrotu produktu zakupionego kart\u0105 \u2013 \u015brodki wracaj\u0105 na kart\u0119 podarunkow\u0105  Jak to dzia\u0142a? 1. Wybierz warto\u015b\u0107 karty podarunkowej 2. Dodaj j\u0105 do koszyka 3. Op\u0142a\u0107 zam\u00f3wienie 4. Otrzymasz kart\u0119 w formie elektronicznej na adres e-mail podany w zam\u00f3wieniu  Jak skorzysta\u0107 z karty? Podczas sk\u0142adania zam\u00f3wienia wpisz otrzymany kod w polu \u201ekod rabatowy\u201d, a jego warto\u015b\u0107 zostanie automatycznie odj\u0119ta od koszyka.","og_url":"https:\/\/onescrubs.com\/en\/product\/gift_card\/","og_site_name":"OneScrubs.","article_publisher":"https:\/\/www.facebook.com\/profile.php?id=61583262397130","article_modified_time":"2026-04-14T14:02:04+00:00","og_image":[{"width":1079,"height":721,"url":"https:\/\/onescrubs.com\/wp-content\/uploads\/2026\/04\/gtc.jpg","type":"image\/jpeg"}],"twitter_card":"summary_large_image","twitter_misc":{"Est. reading time":"1 minute"},"schema":{"@context":"https:\/\/schema.org","@graph":[{"@type":"WebPage","@id":"https:\/\/onescrubs.com\/produkt\/gift_card\/","url":"https:\/\/onescrubs.com\/produkt\/gift_card\/","name":"Gift Card OneScrubs - OneScrubs.","isPartOf":{"@id":"https:\/\/onescrubs.com\/#website"},"primaryImageOfPage":{"@id":"https:\/\/onescrubs.com\/produkt\/gift_card\/#primaryimage"},"image":{"@id":"https:\/\/onescrubs.com\/produkt\/gift_card\/#primaryimage"},"thumbnailUrl":"https:\/\/onescrubs.com\/wp-content\/uploads\/2026\/04\/gtc.jpg","datePublished":"2026-04-13T10:59:15+00:00","dateModified":"2026-04-14T14:02:04+00:00","breadcrumb":{"@id":"https:\/\/onescrubs.com\/produkt\/gift_card\/#breadcrumb"},"inLanguage":"en-US","potentialAction":[{"@type":"ReadAction","target":["https:\/\/onescrubs.com\/produkt\/gift_card\/"]}]},{"@type":"ImageObject","inLanguage":"en-US","@id":"https:\/\/onescrubs.com\/produkt\/gift_card\/#primaryimage","url":"https:\/\/onescrubs.com\/wp-content\/uploads\/2026\/04\/gtc.jpg","contentUrl":"https:\/\/onescrubs.com\/wp-content\/uploads\/2026\/04\/gtc.jpg","width":1079,"height":721},{"@type":"BreadcrumbList","@id":"https:\/\/onescrubs.com\/produkt\/gift_card\/#breadcrumb","itemListElement":[{"@type":"ListItem","position":1,"name":"Strona g\u0142\u00f3wna","item":"https:\/\/onescrubs.com\/"},{"@type":"ListItem","position":2,"name":"Sklep","item":"https:\/\/onescrubs.com\/sklep\/"},{"@type":"ListItem","position":3,"name":"Gift Card OneScrubs"}]},{"@type":"WebSite","@id":"https:\/\/onescrubs.com\/#website","url":"https:\/\/onescrubs.com\/","name":"OneScrubs.","description":"","publisher":{"@id":"https:\/\/onescrubs.com\/#organization"},"potentialAction":[{"@type":"SearchAction","target":{"@type":"EntryPoint","urlTemplate":"https:\/\/onescrubs.com\/?s={search_term_string}"},"query-input":{"@type":"PropertyValueSpecification","valueRequired":true,"valueName":"search_term_string"}}],"inLanguage":"en-US"},{"@type":"Organization","@id":"https:\/\/onescrubs.com\/#organization","name":"OneScrubs.","url":"https:\/\/onescrubs.com\/","logo":{"@type":"ImageObject","inLanguage":"en-US","@id":"https:\/\/onescrubs.com\/#\/schema\/logo\/image\/","url":"https:\/\/onescrubs.com\/wp-content\/uploads\/2025\/09\/PNG-scaled.png","contentUrl":"https:\/\/onescrubs.com\/wp-content\/uploads\/2025\/09\/PNG-scaled.png","width":2560,"height":400,"caption":"OneScrubs."},"image":{"@id":"https:\/\/onescrubs.com\/#\/schema\/logo\/image\/"},"sameAs":["https:\/\/www.facebook.com\/profile.php?id=61583262397130","https:\/\/www.instagram.com\/one_scrubs\/"]}]}},"_links":{"self":[{"href":"https:\/\/onescrubs.com\/en\/wp-json\/wp\/v2\/product\/1775","targetHints":{"allow":["GET"]}}],"collection":[{"href":"https:\/\/onescrubs.com\/en\/wp-json\/wp\/v2\/product"}],"about":[{"href":"https:\/\/onescrubs.com\/en\/wp-json\/wp\/v2\/types\/product"}],"replies":[{"embeddable":true,"href":"https:\/\/onescrubs.com\/en\/wp-json\/wp\/v2\/comments?post=1775"}],"wp:featuredmedia":[{"embeddable":true,"href":"https:\/\/onescrubs.com\/en\/wp-json\/wp\/v2\/media\/2029"}],"wp:attachment":[{"href":"https:\/\/onescrubs.com\/en\/wp-json\/wp\/v2\/media?parent=1775"}],"wp:term":[{"taxonomy":"product_brand","embeddable":true,"href":"https:\/\/onescrubs.com\/en\/wp-json\/wp\/v2\/product_brand?post=1775"},{"taxonomy":"product_cat","embeddable":true,"href":"https:\/\/onescrubs.com\/en\/wp-json\/wp\/v2\/product_cat?post=1775"},{"taxonomy":"product_tag","embeddable":true,"href":"https:\/\/onescrubs.com\/en\/wp-json\/wp\/v2\/product_tag?post=1775"},{"taxonomy":"giftcard-category","embeddable":true,"href":"https:\/\/onescrubs.com\/en\/wp-json\/wp\/v2\/giftcard-category?post=1775"}],"curies":[{"name":"wp","href":"https:\/\/api.w.org\/{rel}","templated":true}]}}