{"id":1745,"date":"2026-04-13T06:35:18","date_gmt":"2026-04-13T06:35:18","guid":{"rendered":"https:\/\/onescrubs.com\/?post_type=product&#038;p=1745"},"modified":"2026-04-16T13:28:48","modified_gmt":"2026-04-16T13:28:48","slug":"momo-spodnie-chocolate-brown-kopia","status":"publish","type":"product","link":"https:\/\/onescrubs.com\/en\/product\/momo-spodnie-chocolate-brown-kopia\/","title":{"rendered":"momo spodnie creamy white"},"content":{"rendered":"","protected":false},"excerpt":{"rendered":"<hr \/>\n<p>Spodnie z wy\u017cszym stanem i prost\u0105 nogawk\u0105 \u0142\u0105cz\u0105 wygod\u0119 z klasycznym stylem.<br \/>\nPonadczasowy kr\u00f3j podkre\u015bla lekko\u015b\u0107 sylwetki i doskonale \u0142\u0105czy si\u0119 z ka\u017cdym topem.<br \/>\nDwie praktyczne, obszerne, ukryte kieszenie boczne zapewniaj\u0105 miejsce na niezb\u0119dne drobiazgi.<br \/>\nZ uwagi na d\u0142u\u017csze nogawki spodnie \u015bwietnie uk\u0142adaj\u0105 si\u0119 na obuwiu, ale sprawdz\u0105 si\u0119 r\u00f3wnie\u017c w wersji podwini\u0119tej.<\/p>\n<p><span class=\"s1\">Dost\u0119pny w dw\u00f3ch d\u0142ugo\u015bciach:<br \/>\n<\/span><span class=\"s1\"><strong>Regular<\/strong> \u2013 klasyczna d\u0142ugo\u015b\u0107<br \/>\n<\/span><span class=\"s1\"><strong>Petite<\/strong> \u2013 skr\u00f3cona wersja dopasowana do ni\u017cszego wzrostu<\/span><\/p>\n<p>Dost\u0119pne kolory:<br \/>\n<span class=\"s1\"><strong>Creamy White<\/strong> \/ <strong>Deep Navy<\/strong> \/ <strong>Dark Brown<\/strong> \/ <strong>Classic Black<\/strong><br \/>\n<\/span><\/p>\n<hr \/>\n<p><a class=\"popmake-597\" href=\"#\">Size chart<\/a><\/p>\n<p>Modelka 167 cm (zdj\u0119cie 1-4) ma na sobie rozmiar S regular<\/p>\n<p><em>Ps. <strong>Top petite<\/strong> oraz <strong>spodnie regular<\/strong> odpowiadaj\u0105 naszej wcze\u015bniejszej rozmiar\u00f3wce.<\/em><\/p>\n<hr \/>\n<details class=\"details-clean\">\n<summary>Composition and care<\/summary>\n<div style=\"margin-top: 10px; color: #555; line-height: 1.6;\">\n<p>70% viscose<br \/>\n24% poliamid<br \/>\n6% elastan<\/p>\n<p>Pranie delikatne, temperatura 30\u00b0C<br \/>\nPra\u0107 na lewej stronie<br \/>\nNie suszy\u0107 w suszarce<br \/>\nNie wybiela\u0107\/chlorowa\u0107<br \/>\nTemperatura prasowania max 150\u00b0C<br \/>\nWyroby suszy\u0107 na wisz\u0105co, przed powieszeniem nada\u0107 odpowiedni kszta\u0142t<\/p>\n<\/div>\n<\/details>\n<hr \/>\n<p style=\"margin: 10px 0; font-size: 13px; letter-spacing: 0.5px;\"><strong>PREORDER<\/strong><br \/>\nProdukt szyty na zam\u00f3wienie<br \/>\nCzas realizacji: do 3 tygodni<\/p>","protected":false},"featured_media":1825,"comment_status":"open","ping_status":"closed","template":"","meta":{"_kad_post_transparent":"default","_kad_post_title":"","_kad_post_layout":"default","_kad_post_sidebar_id":"","_kad_post_content_style":"default","_kad_post_vertical_padding":"default","_kad_post_feature":"","_kad_post_feature_position":"","_kad_post_header":false,"_kad_post_footer":false,"_kad_post_classname":""},"product_brand":[],"product_cat":[16],"product_tag":[25],"giftcard-category":[],"class_list":{"0":"post-1745","1":"product","2":"type-product","3":"status-publish","4":"has-post-thumbnail","6":"product_cat-spodnie-damskie","7":"product_tag-medyczne","9":"first","10":"instock","11":"taxable","12":"shipping-taxable","13":"purchasable","14":"product-type-variable","15":"entry","16":"content-bg","17":"loop-entry"},"yoast_head":"<!-- This site is optimized with the Yoast SEO plugin v27.4 - https:\/\/yoast.com\/product\/yoast-seo-wordpress\/ -->\n<title>momo spodnie creamy white - OneScrubs.<\/title>\n<meta name=\"robots\" content=\"index, follow, max-snippet:-1, max-image-preview:large, max-video-preview:-1\" \/>\n<link rel=\"canonical\" href=\"https:\/\/onescrubs.com\/en\/product\/momo-spodnie-chocolate-brown-kopia\/\" \/>\n<meta property=\"og:locale\" content=\"en_US\" \/>\n<meta property=\"og:type\" content=\"article\" \/>\n<meta property=\"og:title\" content=\"momo spodnie creamy white - OneScrubs.\" \/>\n<meta property=\"og:description\" content=\"Spodnie z wy\u017cszym stanem i prost\u0105 nogawk\u0105 \u0142\u0105cz\u0105 wygod\u0119 z klasycznym stylem. Ponadczasowy kr\u00f3j podkre\u015bla lekko\u015b\u0107 sylwetki i doskonale \u0142\u0105czy si\u0119 z ka\u017cdym topem. Dwie praktyczne, obszerne, ukryte kieszenie boczne zapewniaj\u0105 miejsce na niezb\u0119dne drobiazgi. Z uwagi na d\u0142u\u017csze nogawki spodnie \u015bwietnie uk\u0142adaj\u0105 si\u0119 na obuwiu, ale sprawdz\u0105 si\u0119 r\u00f3wnie\u017c w wersji podwini\u0119tej.  Dost\u0119pny w dw\u00f3ch d\u0142ugo\u015bciach: Regular \u2013 klasyczna d\u0142ugo\u015b\u0107 Petite \u2013 skr\u00f3cona wersja dopasowana do ni\u017cszego wzrostu  Dost\u0119pne kolory: Creamy White \/ Deep Navy \/ Dark Brown \/ Classic Black     Tabela rozmiar\u00f3w  Modelka 167 cm (zdj\u0119cie 1-4) ma na sobie rozmiar S regular  Ps. Top petite oraz spodnie regular odpowiadaj\u0105 naszej wcze\u015bniejszej rozmiar\u00f3wce.    Sk\u0142ad i piel\u0119gnacja   70% wiskoza 24% poliamid 6% elastan  Pranie delikatne, temperatura 30\u00b0C Pra\u0107 na lewej stronie Nie suszy\u0107 w suszarce Nie wybiela\u0107\/chlorowa\u0107 Temperatura prasowania max 150\u00b0C Wyroby suszy\u0107 na wisz\u0105co, przed powieszeniem nada\u0107 odpowiedni kszta\u0142t      PREORDER Produkt szyty na zam\u00f3wienie Czas realizacji: do 3 tygodni\" \/>\n<meta property=\"og:url\" content=\"https:\/\/onescrubs.com\/en\/product\/momo-spodnie-chocolate-brown-kopia\/\" \/>\n<meta property=\"og:site_name\" content=\"OneScrubs.\" \/>\n<meta property=\"article:publisher\" content=\"https:\/\/www.facebook.com\/profile.php?id=61583262397130\" \/>\n<meta property=\"article:modified_time\" content=\"2026-04-16T13:28:48+00:00\" \/>\n<meta property=\"og:image\" content=\"https:\/\/onescrubs.com\/wp-content\/uploads\/2026\/04\/IMG_2093-scaled.jpg\" \/>\n\t<meta property=\"og:image:width\" content=\"1920\" \/>\n\t<meta property=\"og:image:height\" content=\"2560\" \/>\n\t<meta property=\"og:image:type\" content=\"image\/jpeg\" \/>\n<meta name=\"twitter:card\" content=\"summary_large_image\" \/>\n<meta name=\"twitter:label1\" content=\"Est. reading time\" \/>\n\t<meta name=\"twitter:data1\" content=\"1 minute\" \/>\n<script type=\"application\/ld+json\" class=\"yoast-schema-graph\">{\"@context\":\"https:\\\/\\\/schema.org\",\"@graph\":[{\"@type\":\"WebPage\",\"@id\":\"https:\\\/\\\/onescrubs.com\\\/produkt\\\/momo-spodnie-chocolate-brown-kopia\\\/\",\"url\":\"https:\\\/\\\/onescrubs.com\\\/produkt\\\/momo-spodnie-chocolate-brown-kopia\\\/\",\"name\":\"momo spodnie creamy white - OneScrubs.\",\"isPartOf\":{\"@id\":\"https:\\\/\\\/onescrubs.com\\\/#website\"},\"primaryImageOfPage\":{\"@id\":\"https:\\\/\\\/onescrubs.com\\\/produkt\\\/momo-spodnie-chocolate-brown-kopia\\\/#primaryimage\"},\"image\":{\"@id\":\"https:\\\/\\\/onescrubs.com\\\/produkt\\\/momo-spodnie-chocolate-brown-kopia\\\/#primaryimage\"},\"thumbnailUrl\":\"https:\\\/\\\/onescrubs.com\\\/wp-content\\\/uploads\\\/2026\\\/04\\\/IMG_2093-scaled.jpg\",\"datePublished\":\"2026-04-13T06:35:18+00:00\",\"dateModified\":\"2026-04-16T13:28:48+00:00\",\"breadcrumb\":{\"@id\":\"https:\\\/\\\/onescrubs.com\\\/produkt\\\/momo-spodnie-chocolate-brown-kopia\\\/#breadcrumb\"},\"inLanguage\":\"en-US\",\"potentialAction\":[{\"@type\":\"ReadAction\",\"target\":[\"https:\\\/\\\/onescrubs.com\\\/produkt\\\/momo-spodnie-chocolate-brown-kopia\\\/\"]}]},{\"@type\":\"ImageObject\",\"inLanguage\":\"en-US\",\"@id\":\"https:\\\/\\\/onescrubs.com\\\/produkt\\\/momo-spodnie-chocolate-brown-kopia\\\/#primaryimage\",\"url\":\"https:\\\/\\\/onescrubs.com\\\/wp-content\\\/uploads\\\/2026\\\/04\\\/IMG_2093-scaled.jpg\",\"contentUrl\":\"https:\\\/\\\/onescrubs.com\\\/wp-content\\\/uploads\\\/2026\\\/04\\\/IMG_2093-scaled.jpg\",\"width\":1920,\"height\":2560,\"caption\":\"Evoto\"},{\"@type\":\"BreadcrumbList\",\"@id\":\"https:\\\/\\\/onescrubs.com\\\/produkt\\\/momo-spodnie-chocolate-brown-kopia\\\/#breadcrumb\",\"itemListElement\":[{\"@type\":\"ListItem\",\"position\":1,\"name\":\"Strona g\u0142\u00f3wna\",\"item\":\"https:\\\/\\\/onescrubs.com\\\/\"},{\"@type\":\"ListItem\",\"position\":2,\"name\":\"Sklep\",\"item\":\"https:\\\/\\\/onescrubs.com\\\/sklep\\\/\"},{\"@type\":\"ListItem\",\"position\":3,\"name\":\"momo spodnie creamy white\"}]},{\"@type\":\"WebSite\",\"@id\":\"https:\\\/\\\/onescrubs.com\\\/#website\",\"url\":\"https:\\\/\\\/onescrubs.com\\\/\",\"name\":\"OneScrubs.\",\"description\":\"\",\"publisher\":{\"@id\":\"https:\\\/\\\/onescrubs.com\\\/#organization\"},\"potentialAction\":[{\"@type\":\"SearchAction\",\"target\":{\"@type\":\"EntryPoint\",\"urlTemplate\":\"https:\\\/\\\/onescrubs.com\\\/?s={search_term_string}\"},\"query-input\":{\"@type\":\"PropertyValueSpecification\",\"valueRequired\":true,\"valueName\":\"search_term_string\"}}],\"inLanguage\":\"en-US\"},{\"@type\":\"Organization\",\"@id\":\"https:\\\/\\\/onescrubs.com\\\/#organization\",\"name\":\"OneScrubs.\",\"url\":\"https:\\\/\\\/onescrubs.com\\\/\",\"logo\":{\"@type\":\"ImageObject\",\"inLanguage\":\"en-US\",\"@id\":\"https:\\\/\\\/onescrubs.com\\\/#\\\/schema\\\/logo\\\/image\\\/\",\"url\":\"https:\\\/\\\/onescrubs.com\\\/wp-content\\\/uploads\\\/2025\\\/09\\\/PNG-scaled.png\",\"contentUrl\":\"https:\\\/\\\/onescrubs.com\\\/wp-content\\\/uploads\\\/2025\\\/09\\\/PNG-scaled.png\",\"width\":2560,\"height\":400,\"caption\":\"OneScrubs.\"},\"image\":{\"@id\":\"https:\\\/\\\/onescrubs.com\\\/#\\\/schema\\\/logo\\\/image\\\/\"},\"sameAs\":[\"https:\\\/\\\/www.facebook.com\\\/profile.php?id=61583262397130\",\"https:\\\/\\\/www.instagram.com\\\/one_scrubs\\\/\"]}]}<\/script>\n<!-- \/ Yoast SEO plugin. -->","yoast_head_json":{"title":"momo spodnie creamy white - OneScrubs.","robots":{"index":"index","follow":"follow","max-snippet":"max-snippet:-1","max-image-preview":"max-image-preview:large","max-video-preview":"max-video-preview:-1"},"canonical":"https:\/\/onescrubs.com\/en\/product\/momo-spodnie-chocolate-brown-kopia\/","og_locale":"en_US","og_type":"article","og_title":"momo spodnie creamy white - OneScrubs.","og_description":"Spodnie z wy\u017cszym stanem i prost\u0105 nogawk\u0105 \u0142\u0105cz\u0105 wygod\u0119 z klasycznym stylem. Ponadczasowy kr\u00f3j podkre\u015bla lekko\u015b\u0107 sylwetki i doskonale \u0142\u0105czy si\u0119 z ka\u017cdym topem. Dwie praktyczne, obszerne, ukryte kieszenie boczne zapewniaj\u0105 miejsce na niezb\u0119dne drobiazgi. Z uwagi na d\u0142u\u017csze nogawki spodnie \u015bwietnie uk\u0142adaj\u0105 si\u0119 na obuwiu, ale sprawdz\u0105 si\u0119 r\u00f3wnie\u017c w wersji podwini\u0119tej.  Dost\u0119pny w dw\u00f3ch d\u0142ugo\u015bciach: Regular \u2013 klasyczna d\u0142ugo\u015b\u0107 Petite \u2013 skr\u00f3cona wersja dopasowana do ni\u017cszego wzrostu  Dost\u0119pne kolory: Creamy White \/ Deep Navy \/ Dark Brown \/ Classic Black     Tabela rozmiar\u00f3w  Modelka 167 cm (zdj\u0119cie 1-4) ma na sobie rozmiar S regular  Ps. Top petite oraz spodnie regular odpowiadaj\u0105 naszej wcze\u015bniejszej rozmiar\u00f3wce.    Sk\u0142ad i piel\u0119gnacja   70% wiskoza 24% poliamid 6% elastan  Pranie delikatne, temperatura 30\u00b0C Pra\u0107 na lewej stronie Nie suszy\u0107 w suszarce Nie wybiela\u0107\/chlorowa\u0107 Temperatura prasowania max 150\u00b0C Wyroby suszy\u0107 na wisz\u0105co, przed powieszeniem nada\u0107 odpowiedni kszta\u0142t      PREORDER Produkt szyty na zam\u00f3wienie Czas realizacji: do 3 tygodni","og_url":"https:\/\/onescrubs.com\/en\/product\/momo-spodnie-chocolate-brown-kopia\/","og_site_name":"OneScrubs.","article_publisher":"https:\/\/www.facebook.com\/profile.php?id=61583262397130","article_modified_time":"2026-04-16T13:28:48+00:00","og_image":[{"width":1920,"height":2560,"url":"https:\/\/onescrubs.com\/wp-content\/uploads\/2026\/04\/IMG_2093-scaled.jpg","type":"image\/jpeg"}],"twitter_card":"summary_large_image","twitter_misc":{"Est. reading time":"1 minute"},"schema":{"@context":"https:\/\/schema.org","@graph":[{"@type":"WebPage","@id":"https:\/\/onescrubs.com\/produkt\/momo-spodnie-chocolate-brown-kopia\/","url":"https:\/\/onescrubs.com\/produkt\/momo-spodnie-chocolate-brown-kopia\/","name":"momo spodnie creamy white - OneScrubs.","isPartOf":{"@id":"https:\/\/onescrubs.com\/#website"},"primaryImageOfPage":{"@id":"https:\/\/onescrubs.com\/produkt\/momo-spodnie-chocolate-brown-kopia\/#primaryimage"},"image":{"@id":"https:\/\/onescrubs.com\/produkt\/momo-spodnie-chocolate-brown-kopia\/#primaryimage"},"thumbnailUrl":"https:\/\/onescrubs.com\/wp-content\/uploads\/2026\/04\/IMG_2093-scaled.jpg","datePublished":"2026-04-13T06:35:18+00:00","dateModified":"2026-04-16T13:28:48+00:00","breadcrumb":{"@id":"https:\/\/onescrubs.com\/produkt\/momo-spodnie-chocolate-brown-kopia\/#breadcrumb"},"inLanguage":"en-US","potentialAction":[{"@type":"ReadAction","target":["https:\/\/onescrubs.com\/produkt\/momo-spodnie-chocolate-brown-kopia\/"]}]},{"@type":"ImageObject","inLanguage":"en-US","@id":"https:\/\/onescrubs.com\/produkt\/momo-spodnie-chocolate-brown-kopia\/#primaryimage","url":"https:\/\/onescrubs.com\/wp-content\/uploads\/2026\/04\/IMG_2093-scaled.jpg","contentUrl":"https:\/\/onescrubs.com\/wp-content\/uploads\/2026\/04\/IMG_2093-scaled.jpg","width":1920,"height":2560,"caption":"Evoto"},{"@type":"BreadcrumbList","@id":"https:\/\/onescrubs.com\/produkt\/momo-spodnie-chocolate-brown-kopia\/#breadcrumb","itemListElement":[{"@type":"ListItem","position":1,"name":"Strona g\u0142\u00f3wna","item":"https:\/\/onescrubs.com\/"},{"@type":"ListItem","position":2,"name":"Sklep","item":"https:\/\/onescrubs.com\/sklep\/"},{"@type":"ListItem","position":3,"name":"momo spodnie creamy white"}]},{"@type":"WebSite","@id":"https:\/\/onescrubs.com\/#website","url":"https:\/\/onescrubs.com\/","name":"OneScrubs.","description":"","publisher":{"@id":"https:\/\/onescrubs.com\/#organization"},"potentialAction":[{"@type":"SearchAction","target":{"@type":"EntryPoint","urlTemplate":"https:\/\/onescrubs.com\/?s={search_term_string}"},"query-input":{"@type":"PropertyValueSpecification","valueRequired":true,"valueName":"search_term_string"}}],"inLanguage":"en-US"},{"@type":"Organization","@id":"https:\/\/onescrubs.com\/#organization","name":"OneScrubs.","url":"https:\/\/onescrubs.com\/","logo":{"@type":"ImageObject","inLanguage":"en-US","@id":"https:\/\/onescrubs.com\/#\/schema\/logo\/image\/","url":"https:\/\/onescrubs.com\/wp-content\/uploads\/2025\/09\/PNG-scaled.png","contentUrl":"https:\/\/onescrubs.com\/wp-content\/uploads\/2025\/09\/PNG-scaled.png","width":2560,"height":400,"caption":"OneScrubs."},"image":{"@id":"https:\/\/onescrubs.com\/#\/schema\/logo\/image\/"},"sameAs":["https:\/\/www.facebook.com\/profile.php?id=61583262397130","https:\/\/www.instagram.com\/one_scrubs\/"]}]}},"_links":{"self":[{"href":"https:\/\/onescrubs.com\/en\/wp-json\/wp\/v2\/product\/1745","targetHints":{"allow":["GET"]}}],"collection":[{"href":"https:\/\/onescrubs.com\/en\/wp-json\/wp\/v2\/product"}],"about":[{"href":"https:\/\/onescrubs.com\/en\/wp-json\/wp\/v2\/types\/product"}],"replies":[{"embeddable":true,"href":"https:\/\/onescrubs.com\/en\/wp-json\/wp\/v2\/comments?post=1745"}],"wp:featuredmedia":[{"embeddable":true,"href":"https:\/\/onescrubs.com\/en\/wp-json\/wp\/v2\/media\/1825"}],"wp:attachment":[{"href":"https:\/\/onescrubs.com\/en\/wp-json\/wp\/v2\/media?parent=1745"}],"wp:term":[{"taxonomy":"product_brand","embeddable":true,"href":"https:\/\/onescrubs.com\/en\/wp-json\/wp\/v2\/product_brand?post=1745"},{"taxonomy":"product_cat","embeddable":true,"href":"https:\/\/onescrubs.com\/en\/wp-json\/wp\/v2\/product_cat?post=1745"},{"taxonomy":"product_tag","embeddable":true,"href":"https:\/\/onescrubs.com\/en\/wp-json\/wp\/v2\/product_tag?post=1745"},{"taxonomy":"giftcard-category","embeddable":true,"href":"https:\/\/onescrubs.com\/en\/wp-json\/wp\/v2\/giftcard-category?post=1745"}],"curies":[{"name":"wp","href":"https:\/\/api.w.org\/{rel}","templated":true}]}}