{"id":1074,"date":"2025-12-14T22:01:25","date_gmt":"2025-12-14T22:01:25","guid":{"rendered":"https:\/\/onescrubs.com\/?post_type=product&#038;p=1074"},"modified":"2026-04-16T09:41:19","modified_gmt":"2026-04-16T09:41:19","slug":"layer-02-white","status":"publish","type":"product","link":"https:\/\/onescrubs.com\/en\/product\/layer-02-white\/","title":{"rendered":"layer 02 white"},"content":{"rendered":"","protected":false},"excerpt":{"rendered":"<p>Layers 02 to esencja nowoczesnej bazy garderoby.<\/p>\n<p>Minimalistyczna forma po\u0142\u0105czona z wysokiej jako\u015bci, mi\u0119kk\u0105 tkanin\u0105 tworzy top, kt\u00f3ry naturalnie uk\u0142ada si\u0119 na ciele i zapewnia wyj\u0105tkowy komfort noszenia.<\/p>\n<p>G\u0142adkie wyko\u0144czenie i precyzyjny kr\u00f3j sprawiaj\u0105, \u017ce top prezentuje si\u0119 niezwykle elegancko &#8211; zar\u00f3wno noszony samodzielnie, jak i jako warstwa pod inne elementy.<\/p>\n<p>Ponadczasowy charakter i dopracowane detale czyni\u0105 go elementem garderoby, kt\u00f3ry pozostaje aktualny niezale\u017cnie od sezonu i trend\u00f3w.<\/p>\n<p>Rekomendacja:<br \/>\nStandardowy rozmiar zapewnia dopasowany, przylegaj\u0105cy kr\u00f3j. Dla uzyskania bardziej komfortowego efektu warto wybra\u0107 rozmiar wi\u0119kszy.<\/p>\n<p>Uwaga:<br \/>\nProsimy nie przymierza\u0107 topu na makija\u017c.<\/p>\n<p>Modelka 155 cm (zdj\u0119cie 1) ma na sobie rozmiar S<br \/>\nModelka 168 cm (zdj\u0119cie 2-5) ma na sobie rozmiar M<\/p>\n<p><a class=\"popmake-1030\" href=\"#\">Size chart<\/a><\/p>\n<hr \/>\n<p>Dost\u0119pny w trzech kolorach: <strong>white<\/strong> \/ <strong>beige<\/strong> \/ <strong>black<\/strong><\/p>\n<hr \/>\n<details class=\"details-clean\">\n<summary>Composition and care<\/summary>\n<div style=\"margin-top: 10px; color: #555; line-height: 1.6;\">\n<p>100% poliamid<\/p>\n<p>Pranie delikatne, temperatura 30\u00b0C<br \/>\nNie suszy\u0107 w suszarce<br \/>\nNie wybiela\u0107\/chlorowa\u0107<br \/>\nTemperatura prasowania max 150\u00b0C<br \/>\nWyroby suszy\u0107 na wisz\u0105co, przed powieszeniem nada\u0107 odpowiedni kszta\u0142t<\/p>\n<\/div>\n<\/details>\n<hr \/>","protected":false},"featured_media":2079,"comment_status":"open","ping_status":"closed","template":"","meta":{"_kad_post_transparent":"default","_kad_post_title":"","_kad_post_layout":"default","_kad_post_sidebar_id":"","_kad_post_content_style":"default","_kad_post_vertical_padding":"default","_kad_post_feature":"","_kad_post_feature_position":"","_kad_post_header":false,"_kad_post_footer":false,"_kad_post_classname":""},"product_brand":[],"product_cat":[17,19],"product_tag":[],"giftcard-category":[],"class_list":{"0":"post-1074","1":"product","2":"type-product","3":"status-publish","4":"has-post-thumbnail","6":"product_cat-damskie","7":"product_cat-top-damski","9":"first","10":"instock","11":"taxable","12":"shipping-taxable","13":"purchasable","14":"product-type-variable","15":"entry","16":"content-bg","17":"loop-entry"},"yoast_head":"<!-- This site is optimized with the Yoast SEO plugin v27.4 - https:\/\/yoast.com\/product\/yoast-seo-wordpress\/ -->\n<title>layer 02 white - OneScrubs.<\/title>\n<meta name=\"robots\" content=\"index, follow, max-snippet:-1, max-image-preview:large, max-video-preview:-1\" \/>\n<link rel=\"canonical\" href=\"https:\/\/onescrubs.com\/en\/product\/layer-02-white\/\" \/>\n<meta property=\"og:locale\" content=\"en_US\" \/>\n<meta property=\"og:type\" content=\"article\" \/>\n<meta property=\"og:title\" content=\"layer 02 white - OneScrubs.\" \/>\n<meta property=\"og:description\" content=\"Layers 02 to esencja nowoczesnej bazy garderoby.  Minimalistyczna forma po\u0142\u0105czona z wysokiej jako\u015bci, mi\u0119kk\u0105 tkanin\u0105 tworzy top, kt\u00f3ry naturalnie uk\u0142ada si\u0119 na ciele i zapewnia wyj\u0105tkowy komfort noszenia.  G\u0142adkie wyko\u0144czenie i precyzyjny kr\u00f3j sprawiaj\u0105, \u017ce top prezentuje si\u0119 niezwykle elegancko - zar\u00f3wno noszony samodzielnie, jak i jako warstwa pod inne elementy.  Ponadczasowy charakter i dopracowane detale czyni\u0105 go elementem garderoby, kt\u00f3ry pozostaje aktualny niezale\u017cnie od sezonu i trend\u00f3w.  Rekomendacja: Standardowy rozmiar zapewnia dopasowany, przylegaj\u0105cy kr\u00f3j. Dla uzyskania bardziej komfortowego efektu warto wybra\u0107 rozmiar wi\u0119kszy.  Uwaga: Prosimy nie przymierza\u0107 topu na makija\u017c.  Modelka 155 cm (zdj\u0119cie 1) ma na sobie rozmiar S Modelka 168 cm (zdj\u0119cie 2-5) ma na sobie rozmiar M  Tabela rozmiar\u00f3w    Dost\u0119pny w trzech kolorach: white \/ beige \/ black    Sk\u0142ad i piel\u0119gnacja   100% poliamid  Pranie delikatne, temperatura 30\u00b0C Nie suszy\u0107 w suszarce Nie wybiela\u0107\/chlorowa\u0107 Temperatura prasowania max 150\u00b0C Wyroby suszy\u0107 na wisz\u0105co, przed powieszeniem nada\u0107 odpowiedni kszta\u0142t\" \/>\n<meta property=\"og:url\" content=\"https:\/\/onescrubs.com\/en\/product\/layer-02-white\/\" \/>\n<meta property=\"og:site_name\" content=\"OneScrubs.\" \/>\n<meta property=\"article:publisher\" content=\"https:\/\/www.facebook.com\/profile.php?id=61583262397130\" \/>\n<meta property=\"article:modified_time\" content=\"2026-04-16T09:41:19+00:00\" \/>\n<meta property=\"og:image\" content=\"https:\/\/onescrubs.com\/wp-content\/uploads\/2025\/12\/IMG_2117-2-scaled.jpg\" \/>\n\t<meta property=\"og:image:width\" content=\"1920\" \/>\n\t<meta property=\"og:image:height\" content=\"2560\" \/>\n\t<meta property=\"og:image:type\" content=\"image\/jpeg\" \/>\n<meta name=\"twitter:card\" content=\"summary_large_image\" \/>\n<script type=\"application\/ld+json\" class=\"yoast-schema-graph\">{\"@context\":\"https:\\\/\\\/schema.org\",\"@graph\":[{\"@type\":\"WebPage\",\"@id\":\"https:\\\/\\\/onescrubs.com\\\/produkt\\\/layer-02-white\\\/\",\"url\":\"https:\\\/\\\/onescrubs.com\\\/produkt\\\/layer-02-white\\\/\",\"name\":\"layer 02 white - OneScrubs.\",\"isPartOf\":{\"@id\":\"https:\\\/\\\/onescrubs.com\\\/#website\"},\"primaryImageOfPage\":{\"@id\":\"https:\\\/\\\/onescrubs.com\\\/produkt\\\/layer-02-white\\\/#primaryimage\"},\"image\":{\"@id\":\"https:\\\/\\\/onescrubs.com\\\/produkt\\\/layer-02-white\\\/#primaryimage\"},\"thumbnailUrl\":\"https:\\\/\\\/onescrubs.com\\\/wp-content\\\/uploads\\\/2025\\\/12\\\/IMG_2117-2-scaled.jpg\",\"datePublished\":\"2025-12-14T22:01:25+00:00\",\"dateModified\":\"2026-04-16T09:41:19+00:00\",\"breadcrumb\":{\"@id\":\"https:\\\/\\\/onescrubs.com\\\/produkt\\\/layer-02-white\\\/#breadcrumb\"},\"inLanguage\":\"en-US\",\"potentialAction\":[{\"@type\":\"ReadAction\",\"target\":[\"https:\\\/\\\/onescrubs.com\\\/produkt\\\/layer-02-white\\\/\"]}]},{\"@type\":\"ImageObject\",\"inLanguage\":\"en-US\",\"@id\":\"https:\\\/\\\/onescrubs.com\\\/produkt\\\/layer-02-white\\\/#primaryimage\",\"url\":\"https:\\\/\\\/onescrubs.com\\\/wp-content\\\/uploads\\\/2025\\\/12\\\/IMG_2117-2-scaled.jpg\",\"contentUrl\":\"https:\\\/\\\/onescrubs.com\\\/wp-content\\\/uploads\\\/2025\\\/12\\\/IMG_2117-2-scaled.jpg\",\"width\":1920,\"height\":2560,\"caption\":\"Evoto\"},{\"@type\":\"BreadcrumbList\",\"@id\":\"https:\\\/\\\/onescrubs.com\\\/produkt\\\/layer-02-white\\\/#breadcrumb\",\"itemListElement\":[{\"@type\":\"ListItem\",\"position\":1,\"name\":\"Strona g\u0142\u00f3wna\",\"item\":\"https:\\\/\\\/onescrubs.com\\\/\"},{\"@type\":\"ListItem\",\"position\":2,\"name\":\"Sklep\",\"item\":\"https:\\\/\\\/onescrubs.com\\\/sklep\\\/\"},{\"@type\":\"ListItem\",\"position\":3,\"name\":\"layer 02 white\"}]},{\"@type\":\"WebSite\",\"@id\":\"https:\\\/\\\/onescrubs.com\\\/#website\",\"url\":\"https:\\\/\\\/onescrubs.com\\\/\",\"name\":\"OneScrubs.\",\"description\":\"\",\"publisher\":{\"@id\":\"https:\\\/\\\/onescrubs.com\\\/#organization\"},\"potentialAction\":[{\"@type\":\"SearchAction\",\"target\":{\"@type\":\"EntryPoint\",\"urlTemplate\":\"https:\\\/\\\/onescrubs.com\\\/?s={search_term_string}\"},\"query-input\":{\"@type\":\"PropertyValueSpecification\",\"valueRequired\":true,\"valueName\":\"search_term_string\"}}],\"inLanguage\":\"en-US\"},{\"@type\":\"Organization\",\"@id\":\"https:\\\/\\\/onescrubs.com\\\/#organization\",\"name\":\"OneScrubs.\",\"url\":\"https:\\\/\\\/onescrubs.com\\\/\",\"logo\":{\"@type\":\"ImageObject\",\"inLanguage\":\"en-US\",\"@id\":\"https:\\\/\\\/onescrubs.com\\\/#\\\/schema\\\/logo\\\/image\\\/\",\"url\":\"https:\\\/\\\/onescrubs.com\\\/wp-content\\\/uploads\\\/2025\\\/09\\\/PNG-scaled.png\",\"contentUrl\":\"https:\\\/\\\/onescrubs.com\\\/wp-content\\\/uploads\\\/2025\\\/09\\\/PNG-scaled.png\",\"width\":2560,\"height\":400,\"caption\":\"OneScrubs.\"},\"image\":{\"@id\":\"https:\\\/\\\/onescrubs.com\\\/#\\\/schema\\\/logo\\\/image\\\/\"},\"sameAs\":[\"https:\\\/\\\/www.facebook.com\\\/profile.php?id=61583262397130\",\"https:\\\/\\\/www.instagram.com\\\/one_scrubs\\\/\"]}]}<\/script>\n<!-- \/ Yoast SEO plugin. -->","yoast_head_json":{"title":"layer 02 white - OneScrubs.","robots":{"index":"index","follow":"follow","max-snippet":"max-snippet:-1","max-image-preview":"max-image-preview:large","max-video-preview":"max-video-preview:-1"},"canonical":"https:\/\/onescrubs.com\/en\/product\/layer-02-white\/","og_locale":"en_US","og_type":"article","og_title":"layer 02 white - OneScrubs.","og_description":"Layers 02 to esencja nowoczesnej bazy garderoby.  Minimalistyczna forma po\u0142\u0105czona z wysokiej jako\u015bci, mi\u0119kk\u0105 tkanin\u0105 tworzy top, kt\u00f3ry naturalnie uk\u0142ada si\u0119 na ciele i zapewnia wyj\u0105tkowy komfort noszenia.  G\u0142adkie wyko\u0144czenie i precyzyjny kr\u00f3j sprawiaj\u0105, \u017ce top prezentuje si\u0119 niezwykle elegancko - zar\u00f3wno noszony samodzielnie, jak i jako warstwa pod inne elementy.  Ponadczasowy charakter i dopracowane detale czyni\u0105 go elementem garderoby, kt\u00f3ry pozostaje aktualny niezale\u017cnie od sezonu i trend\u00f3w.  Rekomendacja: Standardowy rozmiar zapewnia dopasowany, przylegaj\u0105cy kr\u00f3j. Dla uzyskania bardziej komfortowego efektu warto wybra\u0107 rozmiar wi\u0119kszy.  Uwaga: Prosimy nie przymierza\u0107 topu na makija\u017c.  Modelka 155 cm (zdj\u0119cie 1) ma na sobie rozmiar S Modelka 168 cm (zdj\u0119cie 2-5) ma na sobie rozmiar M  Tabela rozmiar\u00f3w    Dost\u0119pny w trzech kolorach: white \/ beige \/ black    Sk\u0142ad i piel\u0119gnacja   100% poliamid  Pranie delikatne, temperatura 30\u00b0C Nie suszy\u0107 w suszarce Nie wybiela\u0107\/chlorowa\u0107 Temperatura prasowania max 150\u00b0C Wyroby suszy\u0107 na wisz\u0105co, przed powieszeniem nada\u0107 odpowiedni kszta\u0142t","og_url":"https:\/\/onescrubs.com\/en\/product\/layer-02-white\/","og_site_name":"OneScrubs.","article_publisher":"https:\/\/www.facebook.com\/profile.php?id=61583262397130","article_modified_time":"2026-04-16T09:41:19+00:00","og_image":[{"width":1920,"height":2560,"url":"https:\/\/onescrubs.com\/wp-content\/uploads\/2025\/12\/IMG_2117-2-scaled.jpg","type":"image\/jpeg"}],"twitter_card":"summary_large_image","schema":{"@context":"https:\/\/schema.org","@graph":[{"@type":"WebPage","@id":"https:\/\/onescrubs.com\/produkt\/layer-02-white\/","url":"https:\/\/onescrubs.com\/produkt\/layer-02-white\/","name":"layer 02 white - OneScrubs.","isPartOf":{"@id":"https:\/\/onescrubs.com\/#website"},"primaryImageOfPage":{"@id":"https:\/\/onescrubs.com\/produkt\/layer-02-white\/#primaryimage"},"image":{"@id":"https:\/\/onescrubs.com\/produkt\/layer-02-white\/#primaryimage"},"thumbnailUrl":"https:\/\/onescrubs.com\/wp-content\/uploads\/2025\/12\/IMG_2117-2-scaled.jpg","datePublished":"2025-12-14T22:01:25+00:00","dateModified":"2026-04-16T09:41:19+00:00","breadcrumb":{"@id":"https:\/\/onescrubs.com\/produkt\/layer-02-white\/#breadcrumb"},"inLanguage":"en-US","potentialAction":[{"@type":"ReadAction","target":["https:\/\/onescrubs.com\/produkt\/layer-02-white\/"]}]},{"@type":"ImageObject","inLanguage":"en-US","@id":"https:\/\/onescrubs.com\/produkt\/layer-02-white\/#primaryimage","url":"https:\/\/onescrubs.com\/wp-content\/uploads\/2025\/12\/IMG_2117-2-scaled.jpg","contentUrl":"https:\/\/onescrubs.com\/wp-content\/uploads\/2025\/12\/IMG_2117-2-scaled.jpg","width":1920,"height":2560,"caption":"Evoto"},{"@type":"BreadcrumbList","@id":"https:\/\/onescrubs.com\/produkt\/layer-02-white\/#breadcrumb","itemListElement":[{"@type":"ListItem","position":1,"name":"Strona g\u0142\u00f3wna","item":"https:\/\/onescrubs.com\/"},{"@type":"ListItem","position":2,"name":"Sklep","item":"https:\/\/onescrubs.com\/sklep\/"},{"@type":"ListItem","position":3,"name":"layer 02 white"}]},{"@type":"WebSite","@id":"https:\/\/onescrubs.com\/#website","url":"https:\/\/onescrubs.com\/","name":"OneScrubs.","description":"","publisher":{"@id":"https:\/\/onescrubs.com\/#organization"},"potentialAction":[{"@type":"SearchAction","target":{"@type":"EntryPoint","urlTemplate":"https:\/\/onescrubs.com\/?s={search_term_string}"},"query-input":{"@type":"PropertyValueSpecification","valueRequired":true,"valueName":"search_term_string"}}],"inLanguage":"en-US"},{"@type":"Organization","@id":"https:\/\/onescrubs.com\/#organization","name":"OneScrubs.","url":"https:\/\/onescrubs.com\/","logo":{"@type":"ImageObject","inLanguage":"en-US","@id":"https:\/\/onescrubs.com\/#\/schema\/logo\/image\/","url":"https:\/\/onescrubs.com\/wp-content\/uploads\/2025\/09\/PNG-scaled.png","contentUrl":"https:\/\/onescrubs.com\/wp-content\/uploads\/2025\/09\/PNG-scaled.png","width":2560,"height":400,"caption":"OneScrubs."},"image":{"@id":"https:\/\/onescrubs.com\/#\/schema\/logo\/image\/"},"sameAs":["https:\/\/www.facebook.com\/profile.php?id=61583262397130","https:\/\/www.instagram.com\/one_scrubs\/"]}]}},"_links":{"self":[{"href":"https:\/\/onescrubs.com\/en\/wp-json\/wp\/v2\/product\/1074","targetHints":{"allow":["GET"]}}],"collection":[{"href":"https:\/\/onescrubs.com\/en\/wp-json\/wp\/v2\/product"}],"about":[{"href":"https:\/\/onescrubs.com\/en\/wp-json\/wp\/v2\/types\/product"}],"replies":[{"embeddable":true,"href":"https:\/\/onescrubs.com\/en\/wp-json\/wp\/v2\/comments?post=1074"}],"wp:featuredmedia":[{"embeddable":true,"href":"https:\/\/onescrubs.com\/en\/wp-json\/wp\/v2\/media\/2079"}],"wp:attachment":[{"href":"https:\/\/onescrubs.com\/en\/wp-json\/wp\/v2\/media?parent=1074"}],"wp:term":[{"taxonomy":"product_brand","embeddable":true,"href":"https:\/\/onescrubs.com\/en\/wp-json\/wp\/v2\/product_brand?post=1074"},{"taxonomy":"product_cat","embeddable":true,"href":"https:\/\/onescrubs.com\/en\/wp-json\/wp\/v2\/product_cat?post=1074"},{"taxonomy":"product_tag","embeddable":true,"href":"https:\/\/onescrubs.com\/en\/wp-json\/wp\/v2\/product_tag?post=1074"},{"taxonomy":"giftcard-category","embeddable":true,"href":"https:\/\/onescrubs.com\/en\/wp-json\/wp\/v2\/giftcard-category?post=1074"}],"curies":[{"name":"wp","href":"https:\/\/api.w.org\/{rel}","templated":true}]}}