{"id":1011,"date":"2025-12-14T19:29:17","date_gmt":"2025-12-14T19:29:17","guid":{"rendered":"https:\/\/onescrubs.com\/?post_type=product&#038;p=1011"},"modified":"2026-04-15T09:30:44","modified_gmt":"2026-04-15T09:30:44","slug":"momo-top-chocolate-brown-kopia","status":"publish","type":"product","link":"https:\/\/onescrubs.com\/en\/product\/momo-top-chocolate-brown-kopia\/","title":{"rendered":"layer 01 beige"},"content":{"rendered":"","protected":false},"excerpt":{"rendered":"<p>Layers 01 to ponadczasowy top zaprojektowany z my\u015bl\u0105 o jako\u015bci, komforcie i estetyce.<br \/>\nWykonany z elastycznej, mi\u0119kkiej tkaniny, kt\u00f3ra doskonale dopasowuje si\u0119 do cia\u0142a i zapewnia przyjemne odczucie na sk\u00f3rze przez ca\u0142y dzie\u0144.<\/p>\n<p>Materia\u0142 pracuje razem z cia\u0142em, nie kr\u0119puje ruch\u00f3w i zachowuje sw\u00f3j kszta\u0142t nawet przy d\u0142ugim noszeniu. Prosty, minimalistyczny kr\u00f3j sprawia, \u017ce top stanowi idealn\u0105 baz\u0119 garderoby -zar\u00f3wno do stylizacji codziennych, jak i bardziej funkcjonalnych.<\/p>\n<p>Dzi\u0119ki swojej formie i g\u0142adkiemu wyko\u0144czeniu \u015bwietnie sprawdza si\u0119 r\u00f3wnie\u017c noszony pod uniform medyczny. To uniwersalny element, kt\u00f3ry pozostaje aktualny niezale\u017cnie od sezonu i trend\u00f3w.<\/p>\n<p>Rekomendacja:<br \/>\nStandardowy rozmiar zapewnia dopasowany, przylegaj\u0105cy kr\u00f3j. Dla uzyskania bardziej komfortowego efektu warto wybra\u0107 rozmiar wi\u0119kszy.<\/p>\n<p>Uwaga:<br \/>\nProsimy nie przymierza\u0107 topu na makija\u017c.<\/p>\n<p>Modelka 168 cm (zdj\u0119cie 1-5) ma na sobie rozmiar M<\/p>\n<p><a class=\"popmake-1000\" href=\"#\">Size chart<\/a><\/p>\n<hr \/>\n<p>Dost\u0119pny w trzech kolorach: <strong>white<\/strong> \/ <strong>beige<\/strong> \/ <strong>black<\/strong><\/p>\n<hr \/>\n<details class=\"details-clean\">\n<summary>Composition and care<\/summary>\n<div style=\"margin-top: 10px; color: #555; line-height: 1.6;\">\n<p>100% poliamid<\/p>\n<p>Pranie delikatne, temperatura 30\u00b0C<br \/>\nPra\u0107 na lewej stronie<br \/>\nNie suszy\u0107 w suszarce<br \/>\nNie wybiela\u0107\/chlorowa\u0107<br \/>\nTemperatura prasowania max 150\u00b0C<br \/>\nWyroby suszy\u0107 na wisz\u0105co, przed powieszeniem nada\u0107 odpowiedni kszta\u0142t<\/p>\n<\/div>\n<\/details>\n<hr \/>","protected":false},"featured_media":1032,"comment_status":"open","ping_status":"closed","template":"","meta":{"_kad_post_transparent":"default","_kad_post_title":"","_kad_post_layout":"default","_kad_post_sidebar_id":"","_kad_post_content_style":"default","_kad_post_vertical_padding":"default","_kad_post_feature":"","_kad_post_feature_position":"","_kad_post_header":false,"_kad_post_footer":false,"_kad_post_classname":""},"product_brand":[],"product_cat":[17,19],"product_tag":[],"giftcard-category":[],"class_list":{"0":"post-1011","1":"product","2":"type-product","3":"status-publish","4":"has-post-thumbnail","6":"product_cat-damskie","7":"product_cat-top-damski","9":"first","10":"instock","11":"taxable","12":"shipping-taxable","13":"purchasable","14":"product-type-variable","15":"entry","16":"content-bg","17":"loop-entry"},"yoast_head":"<!-- This site is optimized with the Yoast SEO plugin v27.4 - https:\/\/yoast.com\/product\/yoast-seo-wordpress\/ -->\n<title>layer 01 beige - OneScrubs.<\/title>\n<meta name=\"robots\" content=\"index, follow, max-snippet:-1, max-image-preview:large, max-video-preview:-1\" \/>\n<link rel=\"canonical\" href=\"https:\/\/onescrubs.com\/en\/product\/momo-top-chocolate-brown-kopia\/\" \/>\n<meta property=\"og:locale\" content=\"en_US\" \/>\n<meta property=\"og:type\" content=\"article\" \/>\n<meta property=\"og:title\" content=\"layer 01 beige - OneScrubs.\" \/>\n<meta property=\"og:description\" content=\"Layers 01 to ponadczasowy top zaprojektowany z my\u015bl\u0105 o jako\u015bci, komforcie i estetyce. Wykonany z elastycznej, mi\u0119kkiej tkaniny, kt\u00f3ra doskonale dopasowuje si\u0119 do cia\u0142a i zapewnia przyjemne odczucie na sk\u00f3rze przez ca\u0142y dzie\u0144.  Materia\u0142 pracuje razem z cia\u0142em, nie kr\u0119puje ruch\u00f3w i zachowuje sw\u00f3j kszta\u0142t nawet przy d\u0142ugim noszeniu. Prosty, minimalistyczny kr\u00f3j sprawia, \u017ce top stanowi idealn\u0105 baz\u0119 garderoby -zar\u00f3wno do stylizacji codziennych, jak i bardziej funkcjonalnych.  Dzi\u0119ki swojej formie i g\u0142adkiemu wyko\u0144czeniu \u015bwietnie sprawdza si\u0119 r\u00f3wnie\u017c noszony pod uniform medyczny. To uniwersalny element, kt\u00f3ry pozostaje aktualny niezale\u017cnie od sezonu i trend\u00f3w.  Rekomendacja: Standardowy rozmiar zapewnia dopasowany, przylegaj\u0105cy kr\u00f3j. Dla uzyskania bardziej komfortowego efektu warto wybra\u0107 rozmiar wi\u0119kszy.  Uwaga: Prosimy nie przymierza\u0107 topu na makija\u017c.  Modelka 168 cm (zdj\u0119cie 1-5) ma na sobie rozmiar M  Tabela rozmiar\u00f3w    Dost\u0119pny w trzech kolorach: white \/ beige \/ black    Sk\u0142ad i piel\u0119gnacja   100% poliamid  Pranie delikatne, temperatura 30\u00b0C Pra\u0107 na lewej stronie Nie suszy\u0107 w suszarce Nie wybiela\u0107\/chlorowa\u0107 Temperatura prasowania max 150\u00b0C Wyroby suszy\u0107 na wisz\u0105co, przed powieszeniem nada\u0107 odpowiedni kszta\u0142t\" \/>\n<meta property=\"og:url\" content=\"https:\/\/onescrubs.com\/en\/product\/momo-top-chocolate-brown-kopia\/\" \/>\n<meta property=\"og:site_name\" content=\"OneScrubs.\" \/>\n<meta property=\"article:publisher\" content=\"https:\/\/www.facebook.com\/profile.php?id=61583262397130\" \/>\n<meta property=\"article:modified_time\" content=\"2026-04-15T09:30:44+00:00\" \/>\n<meta property=\"og:image\" content=\"https:\/\/onescrubs.com\/wp-content\/uploads\/2025\/12\/onescrub16618-scaled-e1765742772820.jpg\" \/>\n\t<meta property=\"og:image:width\" content=\"1732\" \/>\n\t<meta property=\"og:image:height\" content=\"2364\" \/>\n\t<meta property=\"og:image:type\" content=\"image\/jpeg\" \/>\n<meta name=\"twitter:card\" content=\"summary_large_image\" \/>\n<script type=\"application\/ld+json\" class=\"yoast-schema-graph\">{\"@context\":\"https:\\\/\\\/schema.org\",\"@graph\":[{\"@type\":\"WebPage\",\"@id\":\"https:\\\/\\\/onescrubs.com\\\/produkt\\\/momo-top-chocolate-brown-kopia\\\/\",\"url\":\"https:\\\/\\\/onescrubs.com\\\/produkt\\\/momo-top-chocolate-brown-kopia\\\/\",\"name\":\"layer 01 beige - OneScrubs.\",\"isPartOf\":{\"@id\":\"https:\\\/\\\/onescrubs.com\\\/#website\"},\"primaryImageOfPage\":{\"@id\":\"https:\\\/\\\/onescrubs.com\\\/produkt\\\/momo-top-chocolate-brown-kopia\\\/#primaryimage\"},\"image\":{\"@id\":\"https:\\\/\\\/onescrubs.com\\\/produkt\\\/momo-top-chocolate-brown-kopia\\\/#primaryimage\"},\"thumbnailUrl\":\"https:\\\/\\\/onescrubs.com\\\/wp-content\\\/uploads\\\/2025\\\/12\\\/onescrub16618-scaled-e1765742772820.jpg\",\"datePublished\":\"2025-12-14T19:29:17+00:00\",\"dateModified\":\"2026-04-15T09:30:44+00:00\",\"breadcrumb\":{\"@id\":\"https:\\\/\\\/onescrubs.com\\\/produkt\\\/momo-top-chocolate-brown-kopia\\\/#breadcrumb\"},\"inLanguage\":\"en-US\",\"potentialAction\":[{\"@type\":\"ReadAction\",\"target\":[\"https:\\\/\\\/onescrubs.com\\\/produkt\\\/momo-top-chocolate-brown-kopia\\\/\"]}]},{\"@type\":\"ImageObject\",\"inLanguage\":\"en-US\",\"@id\":\"https:\\\/\\\/onescrubs.com\\\/produkt\\\/momo-top-chocolate-brown-kopia\\\/#primaryimage\",\"url\":\"https:\\\/\\\/onescrubs.com\\\/wp-content\\\/uploads\\\/2025\\\/12\\\/onescrub16618-scaled-e1765742772820.jpg\",\"contentUrl\":\"https:\\\/\\\/onescrubs.com\\\/wp-content\\\/uploads\\\/2025\\\/12\\\/onescrub16618-scaled-e1765742772820.jpg\",\"width\":1732,\"height\":2364},{\"@type\":\"BreadcrumbList\",\"@id\":\"https:\\\/\\\/onescrubs.com\\\/produkt\\\/momo-top-chocolate-brown-kopia\\\/#breadcrumb\",\"itemListElement\":[{\"@type\":\"ListItem\",\"position\":1,\"name\":\"Strona g\u0142\u00f3wna\",\"item\":\"https:\\\/\\\/onescrubs.com\\\/\"},{\"@type\":\"ListItem\",\"position\":2,\"name\":\"Sklep\",\"item\":\"https:\\\/\\\/onescrubs.com\\\/sklep\\\/\"},{\"@type\":\"ListItem\",\"position\":3,\"name\":\"layer 01 beige\"}]},{\"@type\":\"WebSite\",\"@id\":\"https:\\\/\\\/onescrubs.com\\\/#website\",\"url\":\"https:\\\/\\\/onescrubs.com\\\/\",\"name\":\"OneScrubs.\",\"description\":\"\",\"publisher\":{\"@id\":\"https:\\\/\\\/onescrubs.com\\\/#organization\"},\"potentialAction\":[{\"@type\":\"SearchAction\",\"target\":{\"@type\":\"EntryPoint\",\"urlTemplate\":\"https:\\\/\\\/onescrubs.com\\\/?s={search_term_string}\"},\"query-input\":{\"@type\":\"PropertyValueSpecification\",\"valueRequired\":true,\"valueName\":\"search_term_string\"}}],\"inLanguage\":\"en-US\"},{\"@type\":\"Organization\",\"@id\":\"https:\\\/\\\/onescrubs.com\\\/#organization\",\"name\":\"OneScrubs.\",\"url\":\"https:\\\/\\\/onescrubs.com\\\/\",\"logo\":{\"@type\":\"ImageObject\",\"inLanguage\":\"en-US\",\"@id\":\"https:\\\/\\\/onescrubs.com\\\/#\\\/schema\\\/logo\\\/image\\\/\",\"url\":\"https:\\\/\\\/onescrubs.com\\\/wp-content\\\/uploads\\\/2025\\\/09\\\/PNG-scaled.png\",\"contentUrl\":\"https:\\\/\\\/onescrubs.com\\\/wp-content\\\/uploads\\\/2025\\\/09\\\/PNG-scaled.png\",\"width\":2560,\"height\":400,\"caption\":\"OneScrubs.\"},\"image\":{\"@id\":\"https:\\\/\\\/onescrubs.com\\\/#\\\/schema\\\/logo\\\/image\\\/\"},\"sameAs\":[\"https:\\\/\\\/www.facebook.com\\\/profile.php?id=61583262397130\",\"https:\\\/\\\/www.instagram.com\\\/one_scrubs\\\/\"]}]}<\/script>\n<!-- \/ Yoast SEO plugin. -->","yoast_head_json":{"title":"layer 01 beige - OneScrubs.","robots":{"index":"index","follow":"follow","max-snippet":"max-snippet:-1","max-image-preview":"max-image-preview:large","max-video-preview":"max-video-preview:-1"},"canonical":"https:\/\/onescrubs.com\/en\/product\/momo-top-chocolate-brown-kopia\/","og_locale":"en_US","og_type":"article","og_title":"layer 01 beige - OneScrubs.","og_description":"Layers 01 to ponadczasowy top zaprojektowany z my\u015bl\u0105 o jako\u015bci, komforcie i estetyce. Wykonany z elastycznej, mi\u0119kkiej tkaniny, kt\u00f3ra doskonale dopasowuje si\u0119 do cia\u0142a i zapewnia przyjemne odczucie na sk\u00f3rze przez ca\u0142y dzie\u0144.  Materia\u0142 pracuje razem z cia\u0142em, nie kr\u0119puje ruch\u00f3w i zachowuje sw\u00f3j kszta\u0142t nawet przy d\u0142ugim noszeniu. Prosty, minimalistyczny kr\u00f3j sprawia, \u017ce top stanowi idealn\u0105 baz\u0119 garderoby -zar\u00f3wno do stylizacji codziennych, jak i bardziej funkcjonalnych.  Dzi\u0119ki swojej formie i g\u0142adkiemu wyko\u0144czeniu \u015bwietnie sprawdza si\u0119 r\u00f3wnie\u017c noszony pod uniform medyczny. To uniwersalny element, kt\u00f3ry pozostaje aktualny niezale\u017cnie od sezonu i trend\u00f3w.  Rekomendacja: Standardowy rozmiar zapewnia dopasowany, przylegaj\u0105cy kr\u00f3j. Dla uzyskania bardziej komfortowego efektu warto wybra\u0107 rozmiar wi\u0119kszy.  Uwaga: Prosimy nie przymierza\u0107 topu na makija\u017c.  Modelka 168 cm (zdj\u0119cie 1-5) ma na sobie rozmiar M  Tabela rozmiar\u00f3w    Dost\u0119pny w trzech kolorach: white \/ beige \/ black    Sk\u0142ad i piel\u0119gnacja   100% poliamid  Pranie delikatne, temperatura 30\u00b0C Pra\u0107 na lewej stronie Nie suszy\u0107 w suszarce Nie wybiela\u0107\/chlorowa\u0107 Temperatura prasowania max 150\u00b0C Wyroby suszy\u0107 na wisz\u0105co, przed powieszeniem nada\u0107 odpowiedni kszta\u0142t","og_url":"https:\/\/onescrubs.com\/en\/product\/momo-top-chocolate-brown-kopia\/","og_site_name":"OneScrubs.","article_publisher":"https:\/\/www.facebook.com\/profile.php?id=61583262397130","article_modified_time":"2026-04-15T09:30:44+00:00","og_image":[{"width":1732,"height":2364,"url":"https:\/\/onescrubs.com\/wp-content\/uploads\/2025\/12\/onescrub16618-scaled-e1765742772820.jpg","type":"image\/jpeg"}],"twitter_card":"summary_large_image","schema":{"@context":"https:\/\/schema.org","@graph":[{"@type":"WebPage","@id":"https:\/\/onescrubs.com\/produkt\/momo-top-chocolate-brown-kopia\/","url":"https:\/\/onescrubs.com\/produkt\/momo-top-chocolate-brown-kopia\/","name":"layer 01 beige - OneScrubs.","isPartOf":{"@id":"https:\/\/onescrubs.com\/#website"},"primaryImageOfPage":{"@id":"https:\/\/onescrubs.com\/produkt\/momo-top-chocolate-brown-kopia\/#primaryimage"},"image":{"@id":"https:\/\/onescrubs.com\/produkt\/momo-top-chocolate-brown-kopia\/#primaryimage"},"thumbnailUrl":"https:\/\/onescrubs.com\/wp-content\/uploads\/2025\/12\/onescrub16618-scaled-e1765742772820.jpg","datePublished":"2025-12-14T19:29:17+00:00","dateModified":"2026-04-15T09:30:44+00:00","breadcrumb":{"@id":"https:\/\/onescrubs.com\/produkt\/momo-top-chocolate-brown-kopia\/#breadcrumb"},"inLanguage":"en-US","potentialAction":[{"@type":"ReadAction","target":["https:\/\/onescrubs.com\/produkt\/momo-top-chocolate-brown-kopia\/"]}]},{"@type":"ImageObject","inLanguage":"en-US","@id":"https:\/\/onescrubs.com\/produkt\/momo-top-chocolate-brown-kopia\/#primaryimage","url":"https:\/\/onescrubs.com\/wp-content\/uploads\/2025\/12\/onescrub16618-scaled-e1765742772820.jpg","contentUrl":"https:\/\/onescrubs.com\/wp-content\/uploads\/2025\/12\/onescrub16618-scaled-e1765742772820.jpg","width":1732,"height":2364},{"@type":"BreadcrumbList","@id":"https:\/\/onescrubs.com\/produkt\/momo-top-chocolate-brown-kopia\/#breadcrumb","itemListElement":[{"@type":"ListItem","position":1,"name":"Strona g\u0142\u00f3wna","item":"https:\/\/onescrubs.com\/"},{"@type":"ListItem","position":2,"name":"Sklep","item":"https:\/\/onescrubs.com\/sklep\/"},{"@type":"ListItem","position":3,"name":"layer 01 beige"}]},{"@type":"WebSite","@id":"https:\/\/onescrubs.com\/#website","url":"https:\/\/onescrubs.com\/","name":"OneScrubs.","description":"","publisher":{"@id":"https:\/\/onescrubs.com\/#organization"},"potentialAction":[{"@type":"SearchAction","target":{"@type":"EntryPoint","urlTemplate":"https:\/\/onescrubs.com\/?s={search_term_string}"},"query-input":{"@type":"PropertyValueSpecification","valueRequired":true,"valueName":"search_term_string"}}],"inLanguage":"en-US"},{"@type":"Organization","@id":"https:\/\/onescrubs.com\/#organization","name":"OneScrubs.","url":"https:\/\/onescrubs.com\/","logo":{"@type":"ImageObject","inLanguage":"en-US","@id":"https:\/\/onescrubs.com\/#\/schema\/logo\/image\/","url":"https:\/\/onescrubs.com\/wp-content\/uploads\/2025\/09\/PNG-scaled.png","contentUrl":"https:\/\/onescrubs.com\/wp-content\/uploads\/2025\/09\/PNG-scaled.png","width":2560,"height":400,"caption":"OneScrubs."},"image":{"@id":"https:\/\/onescrubs.com\/#\/schema\/logo\/image\/"},"sameAs":["https:\/\/www.facebook.com\/profile.php?id=61583262397130","https:\/\/www.instagram.com\/one_scrubs\/"]}]}},"_links":{"self":[{"href":"https:\/\/onescrubs.com\/en\/wp-json\/wp\/v2\/product\/1011","targetHints":{"allow":["GET"]}}],"collection":[{"href":"https:\/\/onescrubs.com\/en\/wp-json\/wp\/v2\/product"}],"about":[{"href":"https:\/\/onescrubs.com\/en\/wp-json\/wp\/v2\/types\/product"}],"replies":[{"embeddable":true,"href":"https:\/\/onescrubs.com\/en\/wp-json\/wp\/v2\/comments?post=1011"}],"wp:featuredmedia":[{"embeddable":true,"href":"https:\/\/onescrubs.com\/en\/wp-json\/wp\/v2\/media\/1032"}],"wp:attachment":[{"href":"https:\/\/onescrubs.com\/en\/wp-json\/wp\/v2\/media?parent=1011"}],"wp:term":[{"taxonomy":"product_brand","embeddable":true,"href":"https:\/\/onescrubs.com\/en\/wp-json\/wp\/v2\/product_brand?post=1011"},{"taxonomy":"product_cat","embeddable":true,"href":"https:\/\/onescrubs.com\/en\/wp-json\/wp\/v2\/product_cat?post=1011"},{"taxonomy":"product_tag","embeddable":true,"href":"https:\/\/onescrubs.com\/en\/wp-json\/wp\/v2\/product_tag?post=1011"},{"taxonomy":"giftcard-category","embeddable":true,"href":"https:\/\/onescrubs.com\/en\/wp-json\/wp\/v2\/giftcard-category?post=1011"}],"curies":[{"name":"wp","href":"https:\/\/api.w.org\/{rel}","templated":true}]}}