{"id":931,"date":"2025-12-11T16:09:27","date_gmt":"2025-12-11T16:09:27","guid":{"rendered":"https:\/\/onescrubs.com\/?page_id=931"},"modified":"2026-02-02T13:59:47","modified_gmt":"2026-02-02T13:59:47","slug":"zwroty-i-reklamacje","status":"publish","type":"page","link":"https:\/\/onescrubs.com\/en\/zwroty-i-reklamacje\/","title":{"rendered":"Zwroty i Reklamacje"},"content":{"rendered":"<h2 class=\"wp-block-heading has-text-align-center\">ZWROTY I REKLAMACJE<\/h2>\n\n\n\n<p><strong>ZWROTY<\/strong><br><strong>JAK ZWR\u00d3CI\u0106 PRODUKT?<\/strong><\/p>\n\n\n\n<ol class=\"wp-block-list\">\n<li>Aby rozpocz\u0105\u0107 proces zwrotu napisz do nas na adres&nbsp;<a href=\"mailto:contact@onescrubs.com\" target=\"_blank\" rel=\"noreferrer noopener\">contact@onescrubs.com<\/a>&nbsp;w celu otrzymania formularza zwrotu.&nbsp;<strong><u>Prosimy nie odsy\u0142a\u0107 produkt\u00f3w bez wcze\u015bniejszego skontaktowania si\u0119 z nami.<\/u><\/strong><\/li>\n\n\n\n<li>W wiadomo\u015bci e-mail podaj swoje imi\u0119 i nazwisko, numer zam\u00f3wienia oraz list\u0119 produkt\u00f3w, kt\u00f3re chcesz zwr\u00f3ci\u0107. Prosimy r\u00f3wnie\u017c o podanie numeru konta bankowego, na kt\u00f3ry b\u0119dziemy mogli dokona\u0107 zwrotu \u015brodk\u00f3w.<\/li>\n\n\n\n<li>W wiadomo\u015bci zwrotnej otrzymasz formularz zwrotu, kt\u00f3ry nale\u017cy do\u0142\u0105czy\u0107 do przesy\u0142ki zwrotnej.<\/li>\n\n\n\n<li>Prosimy o umieszczenie formularza zwrotu w paczce oraz o wysy\u0142k\u0119 zwrotu na wskazany adres.<\/li>\n<\/ol>\n\n\n\n<p class=\"has-text-align-left\">Adres do zwrot\u00f3w:<br>ONE SCRUBS<br>Osiedle Bohater\u00f3w Wrze\u015bnia 84B\/19<br>31-621 Krak\u00f3w<br>Polska<br>contact@onescrubs.com<\/p>\n\n\n\n<p><br><strong>WA\u017bNE INFORMACJE<\/strong><\/p>\n\n\n\n<ul class=\"wp-block-list\">\n<li>Zwrot jest mo\u017cliwy w ci\u0105gu 14 dni od daty dor\u0119czenia produktu.<\/li>\n\n\n\n<li>Jeste\u015b zobowi\u0105zany do pokrycia koszt\u00f3w odes\u0142ania do nas produktu, kt\u00f3rego dotyczy zwrot.<\/li>\n\n\n\n<li>Produkty musz\u0105 by\u0107 w stanie nienaruszonym, nieu\u017cywane, z oryginalnymi metkami.<\/li>\n\n\n\n<li>Zwrot nale\u017cno\u015bci nast\u0105pi w ci\u0105gu 14 dni od momentu otrzymania informacji o zwrocie Produktu.<\/li>\n\n\n\n<li>\u015arodki zostan\u0105 zwr\u00f3cone t\u0105 sam\u0105 metod\u0105 p\u0142atno\u015bci, kt\u00f3r\u0105 op\u0142acono zam\u00f3wienie. Pami\u0119taj, \u017ce mo\u017cemy wstrzyma\u0107 si\u0119 ze zwrotem Twoich \u015brodk\u00f3w do czasu otrzymania od Ciebie zwracanego produktu lub przes\u0142ania przez Ciebie dowodu odes\u0142ania tego produktu \u2013 zale\u017cnie co nast\u0105pi wcze\u015bniej.<\/li>\n\n\n\n<li>Prosimy o zachowanie szczeg\u00f3lnej ostro\u017cno\u015bci podczas mierzenia odzie\u017cy. Zgodnie z prawem odpowiadasz za zmniejszenie warto\u015bci zwracanych produkt\u00f3w wynikaj\u0105ce z korzystania z nich w spos\u00f3b inny ni\u017c by\u0142o to konieczne do stwierdzenia charakteru, cech i funkcjonowania nabytych produkt\u00f3w<\/li>\n<\/ul>\n\n\n\n<p><strong><strong>REKLAMACJE<\/strong><\/strong><br><strong>JAK ZG\u0141OSI\u0106 REKLAMACJ\u0118?<\/strong><\/p>\n\n\n\n<ol class=\"wp-block-list\">\n<li>Aby rozpocz\u0105\u0107 proces reklamacji napisz do nas na adres&nbsp;<a href=\"mailto:contact@onescrubs.com\" target=\"_blank\" rel=\"noreferrer noopener\">contact@onescrubs.com<\/a>.&nbsp;<strong><u>Prosimy nie odsy\u0142a\u0107 produkt\u00f3w bez wcze\u015bniejszego skontaktowania si\u0119 z nami.<\/u><\/strong><\/li>\n\n\n\n<li>W wiadomo\u015bci e-mail podaj swoje imi\u0119 i nazwisko, numer zam\u00f3wienia oraz produkty kt\u00f3re chcesz zareklamowa\u0107. Dodatkowo opisz wad\u0119\/y reklamowanych produkt\u00f3w oraz oczekiwany spos\u00f3b rozpatrzenia reklamacji.<\/li>\n\n\n\n<li>Sk\u0142adaj\u0105c reklamacj\u0119 mo\u017cesz \u017c\u0105da\u0107 wymiany, naprawy, obni\u017cenia ceny lub odst\u0105pienia od umowy. W niekt\u00f3rych przypadkach mo\u017cemy odm\u00f3wi\u0107 Ci rozpatrzenia reklamacji w wybrany przez Ciebie spos\u00f3b i zaproponowa\u0107 inny spos\u00f3b rozpatrzenia reklamacji.&nbsp;&nbsp;<\/li>\n<\/ol>\n\n\n\n<p class=\"has-text-align-left\">Adres do reklamacji:<br>ONE SCRUBS<br>Osiedle Bohater\u00f3w Wrze\u015bnia 84B\/19<br>31-621 Krak\u00f3w<br>Polska<br>contact@onescrubs.com<br><\/p>\n\n\n\n<p><strong><strong>WA\u017bNE INFORMACJE<\/strong><\/strong><\/p>\n\n\n\n<ul class=\"wp-block-list\">\n<li>Reklamacj\u0119 mo\u017cesz zg\u0142osi\u0107 przez 2 lata od daty dor\u0119czenia produktu.<\/li>\n\n\n\n<li>Nasz\u0105 decyzj\u0119 o sposobie rozpatrzenia reklamacji prze\u015blemy Ci w terminie 14 dni od dnia zg\u0142oszenia reklamacji.<\/li>\n\n\n\n<li>W przypadku nieuwzgl\u0119dnienia reklamacji, ode\u015blemy produkt wraz z opini\u0105 co do niezasadno\u015bci reklamacji.<\/li>\n<\/ul>\n\n\n\n<p><\/p>","protected":false},"excerpt":{"rendered":"<p>ZWROTY I REKLAMACJE ZWROTYJAK ZWR\u00d3CI\u0106 PRODUKT? Adres do zwrot\u00f3w:ONE SCRUBSOsiedle Bohater\u00f3w Wrze\u015bnia 84B\/1931-621 Krak\u00f3wPolskacontact@onescrubs.com WA\u017bNE INFORMACJE REKLAMACJEJAK ZG\u0141OSI\u0106 REKLAMACJ\u0118? Adres do reklamacji:ONE SCRUBSOsiedle Bohater\u00f3w Wrze\u015bnia 84B\/1931-621 Krak\u00f3wPolskacontact@onescrubs.com WA\u017bNE INFORMACJE<\/p>","protected":false},"author":1,"featured_media":0,"parent":0,"menu_order":0,"comment_status":"closed","ping_status":"closed","template":"","meta":{"_kad_post_transparent":"","_kad_post_title":"","_kad_post_layout":"","_kad_post_sidebar_id":"","_kad_post_content_style":"","_kad_post_vertical_padding":"","_kad_post_feature":"","_kad_post_feature_position":"","_kad_post_header":false,"_kad_post_footer":false,"_kad_post_classname":"","footnotes":""},"class_list":["post-931","page","type-page","status-publish","hentry"],"yoast_head":"<!-- This site is optimized with the Yoast SEO plugin v27.4 - https:\/\/yoast.com\/product\/yoast-seo-wordpress\/ -->\n<title>Zwroty i Reklamacje - OneScrubs.<\/title>\n<meta name=\"robots\" content=\"index, follow, max-snippet:-1, max-image-preview:large, max-video-preview:-1\" \/>\n<link rel=\"canonical\" href=\"https:\/\/onescrubs.com\/en\/zwroty-i-reklamacje\/\" \/>\n<meta property=\"og:locale\" content=\"en_US\" \/>\n<meta property=\"og:type\" content=\"article\" \/>\n<meta property=\"og:title\" content=\"Zwroty i Reklamacje - OneScrubs.\" \/>\n<meta property=\"og:description\" content=\"ZWROTY I REKLAMACJE ZWROTYJAK ZWR\u00d3CI\u0106 PRODUKT? Adres do zwrot\u00f3w:ONE SCRUBSOsiedle Bohater\u00f3w Wrze\u015bnia 84B\/1931-621 Krak\u00f3wPolskacontact@onescrubs.com WA\u017bNE INFORMACJE REKLAMACJEJAK ZG\u0141OSI\u0106 REKLAMACJ\u0118? Adres do reklamacji:ONE SCRUBSOsiedle Bohater\u00f3w Wrze\u015bnia 84B\/1931-621 Krak\u00f3wPolskacontact@onescrubs.com WA\u017bNE INFORMACJE\" \/>\n<meta property=\"og:url\" content=\"https:\/\/onescrubs.com\/en\/zwroty-i-reklamacje\/\" \/>\n<meta property=\"og:site_name\" content=\"OneScrubs.\" \/>\n<meta property=\"article:publisher\" content=\"https:\/\/www.facebook.com\/profile.php?id=61583262397130\" \/>\n<meta property=\"article:modified_time\" content=\"2026-02-02T13:59:47+00:00\" \/>\n<meta name=\"twitter:card\" content=\"summary_large_image\" \/>\n<meta name=\"twitter:label1\" content=\"Est. reading time\" \/>\n\t<meta name=\"twitter:data1\" content=\"2 minutes\" \/>\n<script type=\"application\/ld+json\" class=\"yoast-schema-graph\">{\"@context\":\"https:\\\/\\\/schema.org\",\"@graph\":[{\"@type\":\"WebPage\",\"@id\":\"https:\\\/\\\/onescrubs.com\\\/zwroty-i-reklamacje\\\/\",\"url\":\"https:\\\/\\\/onescrubs.com\\\/zwroty-i-reklamacje\\\/\",\"name\":\"Zwroty i Reklamacje - OneScrubs.\",\"isPartOf\":{\"@id\":\"https:\\\/\\\/onescrubs.com\\\/#website\"},\"datePublished\":\"2025-12-11T16:09:27+00:00\",\"dateModified\":\"2026-02-02T13:59:47+00:00\",\"breadcrumb\":{\"@id\":\"https:\\\/\\\/onescrubs.com\\\/zwroty-i-reklamacje\\\/#breadcrumb\"},\"inLanguage\":\"en-US\",\"potentialAction\":[{\"@type\":\"ReadAction\",\"target\":[\"https:\\\/\\\/onescrubs.com\\\/zwroty-i-reklamacje\\\/\"]}]},{\"@type\":\"BreadcrumbList\",\"@id\":\"https:\\\/\\\/onescrubs.com\\\/zwroty-i-reklamacje\\\/#breadcrumb\",\"itemListElement\":[{\"@type\":\"ListItem\",\"position\":1,\"name\":\"Strona g\u0142\u00f3wna\",\"item\":\"https:\\\/\\\/onescrubs.com\\\/\"},{\"@type\":\"ListItem\",\"position\":2,\"name\":\"Zwroty i Reklamacje\"}]},{\"@type\":\"WebSite\",\"@id\":\"https:\\\/\\\/onescrubs.com\\\/#website\",\"url\":\"https:\\\/\\\/onescrubs.com\\\/\",\"name\":\"OneScrubs.\",\"description\":\"\",\"publisher\":{\"@id\":\"https:\\\/\\\/onescrubs.com\\\/#organization\"},\"potentialAction\":[{\"@type\":\"SearchAction\",\"target\":{\"@type\":\"EntryPoint\",\"urlTemplate\":\"https:\\\/\\\/onescrubs.com\\\/?s={search_term_string}\"},\"query-input\":{\"@type\":\"PropertyValueSpecification\",\"valueRequired\":true,\"valueName\":\"search_term_string\"}}],\"inLanguage\":\"en-US\"},{\"@type\":\"Organization\",\"@id\":\"https:\\\/\\\/onescrubs.com\\\/#organization\",\"name\":\"OneScrubs.\",\"url\":\"https:\\\/\\\/onescrubs.com\\\/\",\"logo\":{\"@type\":\"ImageObject\",\"inLanguage\":\"en-US\",\"@id\":\"https:\\\/\\\/onescrubs.com\\\/#\\\/schema\\\/logo\\\/image\\\/\",\"url\":\"https:\\\/\\\/onescrubs.com\\\/wp-content\\\/uploads\\\/2025\\\/09\\\/PNG-scaled.png\",\"contentUrl\":\"https:\\\/\\\/onescrubs.com\\\/wp-content\\\/uploads\\\/2025\\\/09\\\/PNG-scaled.png\",\"width\":2560,\"height\":400,\"caption\":\"OneScrubs.\"},\"image\":{\"@id\":\"https:\\\/\\\/onescrubs.com\\\/#\\\/schema\\\/logo\\\/image\\\/\"},\"sameAs\":[\"https:\\\/\\\/www.facebook.com\\\/profile.php?id=61583262397130\",\"https:\\\/\\\/www.instagram.com\\\/one_scrubs\\\/\"]}]}<\/script>\n<!-- \/ Yoast SEO plugin. -->","yoast_head_json":{"title":"Zwroty i Reklamacje - OneScrubs.","robots":{"index":"index","follow":"follow","max-snippet":"max-snippet:-1","max-image-preview":"max-image-preview:large","max-video-preview":"max-video-preview:-1"},"canonical":"https:\/\/onescrubs.com\/en\/zwroty-i-reklamacje\/","og_locale":"en_US","og_type":"article","og_title":"Zwroty i Reklamacje - OneScrubs.","og_description":"ZWROTY I REKLAMACJE ZWROTYJAK ZWR\u00d3CI\u0106 PRODUKT? Adres do zwrot\u00f3w:ONE SCRUBSOsiedle Bohater\u00f3w Wrze\u015bnia 84B\/1931-621 Krak\u00f3wPolskacontact@onescrubs.com WA\u017bNE INFORMACJE REKLAMACJEJAK ZG\u0141OSI\u0106 REKLAMACJ\u0118? Adres do reklamacji:ONE SCRUBSOsiedle Bohater\u00f3w Wrze\u015bnia 84B\/1931-621 Krak\u00f3wPolskacontact@onescrubs.com WA\u017bNE INFORMACJE","og_url":"https:\/\/onescrubs.com\/en\/zwroty-i-reklamacje\/","og_site_name":"OneScrubs.","article_publisher":"https:\/\/www.facebook.com\/profile.php?id=61583262397130","article_modified_time":"2026-02-02T13:59:47+00:00","twitter_card":"summary_large_image","twitter_misc":{"Est. reading time":"2 minutes"},"schema":{"@context":"https:\/\/schema.org","@graph":[{"@type":"WebPage","@id":"https:\/\/onescrubs.com\/zwroty-i-reklamacje\/","url":"https:\/\/onescrubs.com\/zwroty-i-reklamacje\/","name":"Zwroty i Reklamacje - OneScrubs.","isPartOf":{"@id":"https:\/\/onescrubs.com\/#website"},"datePublished":"2025-12-11T16:09:27+00:00","dateModified":"2026-02-02T13:59:47+00:00","breadcrumb":{"@id":"https:\/\/onescrubs.com\/zwroty-i-reklamacje\/#breadcrumb"},"inLanguage":"en-US","potentialAction":[{"@type":"ReadAction","target":["https:\/\/onescrubs.com\/zwroty-i-reklamacje\/"]}]},{"@type":"BreadcrumbList","@id":"https:\/\/onescrubs.com\/zwroty-i-reklamacje\/#breadcrumb","itemListElement":[{"@type":"ListItem","position":1,"name":"Strona g\u0142\u00f3wna","item":"https:\/\/onescrubs.com\/"},{"@type":"ListItem","position":2,"name":"Zwroty i Reklamacje"}]},{"@type":"WebSite","@id":"https:\/\/onescrubs.com\/#website","url":"https:\/\/onescrubs.com\/","name":"OneScrubs.","description":"","publisher":{"@id":"https:\/\/onescrubs.com\/#organization"},"potentialAction":[{"@type":"SearchAction","target":{"@type":"EntryPoint","urlTemplate":"https:\/\/onescrubs.com\/?s={search_term_string}"},"query-input":{"@type":"PropertyValueSpecification","valueRequired":true,"valueName":"search_term_string"}}],"inLanguage":"en-US"},{"@type":"Organization","@id":"https:\/\/onescrubs.com\/#organization","name":"OneScrubs.","url":"https:\/\/onescrubs.com\/","logo":{"@type":"ImageObject","inLanguage":"en-US","@id":"https:\/\/onescrubs.com\/#\/schema\/logo\/image\/","url":"https:\/\/onescrubs.com\/wp-content\/uploads\/2025\/09\/PNG-scaled.png","contentUrl":"https:\/\/onescrubs.com\/wp-content\/uploads\/2025\/09\/PNG-scaled.png","width":2560,"height":400,"caption":"OneScrubs."},"image":{"@id":"https:\/\/onescrubs.com\/#\/schema\/logo\/image\/"},"sameAs":["https:\/\/www.facebook.com\/profile.php?id=61583262397130","https:\/\/www.instagram.com\/one_scrubs\/"]}]}},"_links":{"self":[{"href":"https:\/\/onescrubs.com\/en\/wp-json\/wp\/v2\/pages\/931","targetHints":{"allow":["GET"]}}],"collection":[{"href":"https:\/\/onescrubs.com\/en\/wp-json\/wp\/v2\/pages"}],"about":[{"href":"https:\/\/onescrubs.com\/en\/wp-json\/wp\/v2\/types\/page"}],"author":[{"embeddable":true,"href":"https:\/\/onescrubs.com\/en\/wp-json\/wp\/v2\/users\/1"}],"replies":[{"embeddable":true,"href":"https:\/\/onescrubs.com\/en\/wp-json\/wp\/v2\/comments?post=931"}],"version-history":[{"count":13,"href":"https:\/\/onescrubs.com\/en\/wp-json\/wp\/v2\/pages\/931\/revisions"}],"predecessor-version":[{"id":1355,"href":"https:\/\/onescrubs.com\/en\/wp-json\/wp\/v2\/pages\/931\/revisions\/1355"}],"wp:attachment":[{"href":"https:\/\/onescrubs.com\/en\/wp-json\/wp\/v2\/media?parent=931"}],"curies":[{"name":"wp","href":"https:\/\/api.w.org\/{rel}","templated":true}]}}