{"id":86,"date":"2025-09-18T19:46:46","date_gmt":"2025-09-18T19:46:46","guid":{"rendered":"https:\/\/onescrubs.com\/?page_id=86"},"modified":"2025-11-19T21:21:08","modified_gmt":"2025-11-19T21:21:08","slug":"o-nas","status":"publish","type":"page","link":"https:\/\/onescrubs.com\/en\/o-nas\/","title":{"rendered":"About us"},"content":{"rendered":"<div class=\"wp-block-image\">\n<figure class=\"aligncenter size-large is-resized\"><img loading=\"lazy\" decoding=\"async\" width=\"1024\" height=\"611\" src=\"https:\/\/onescrubs.com\/wp-content\/uploads\/2025\/11\/IMG_1060-1024x611.jpg\" alt=\"\" class=\"wp-image-574\" style=\"width:759px;height:auto\" srcset=\"https:\/\/onescrubs.com\/wp-content\/uploads\/2025\/11\/IMG_1060-1024x611.jpg 1024w, https:\/\/onescrubs.com\/wp-content\/uploads\/2025\/11\/IMG_1060-scaled-600x358.jpg 600w, https:\/\/onescrubs.com\/wp-content\/uploads\/2025\/11\/IMG_1060-300x179.jpg 300w, https:\/\/onescrubs.com\/wp-content\/uploads\/2025\/11\/IMG_1060-768x458.jpg 768w, https:\/\/onescrubs.com\/wp-content\/uploads\/2025\/11\/IMG_1060-1536x917.jpg 1536w, https:\/\/onescrubs.com\/wp-content\/uploads\/2025\/11\/IMG_1060-2048x1222.jpg 2048w, https:\/\/onescrubs.com\/wp-content\/uploads\/2025\/11\/IMG_1060-18x12.jpg 18w\" sizes=\"auto, (max-width: 1024px) 100vw, 1024px\" \/><\/figure>\n<\/div>\n\n\n<p class=\"has-text-align-center\" style=\"font-size:14px\">Jeste\u015bmy lekarkami, kt\u00f3re postanowi\u0142y stworzy\u0107 co\u015b wi\u0119cej ni\u017c odzie\u017c medyczn\u0105.<br>Po\u0142\u0105czy\u0142a nas pasja do medycyny, zami\u0142owanie do mody, wra\u017cliwo\u015b\u0107 na pi\u0119kno i inspiracje, kt\u00f3re przywozimy z podr\u00f3\u017cy.<\/p>\n\n\n\n<p class=\"has-text-align-center\" style=\"margin-right:0;margin-left:0;font-size:14px\">Tak narodzi\u0142a si\u0119 marka One Scrubs, w kt\u00f3rej funkcjonalno\u015b\u0107 spotyka si\u0119 z estetyk\u0105, a codzienno\u015b\u0107 w pracy zyskuje nowy wymiar.<br>Wierzymy, \u017ce str\u00f3j, w kt\u00f3rym sp\u0119dzamy wi\u0119kszo\u015b\u0107 dnia, powinien przede wszystkim spe\u0142nia\u0107 wymagania praktyczne, ale r\u00f3wnie\u017c podkre\u015bla\u0107 osobowo\u015b\u0107, wzmacnia\u0107 nasz\u0105 pewno\u015bci siebie i podkre\u015bla\u0107 indywidualny charakter.<br>Nasze projekty s\u0105 minimalistyczne, jako\u015bciowe, praktyczne dopracowane w ka\u017cdym detalu i pe\u0142ne subtelnej elegancji.<br>OneScrubs redefiniuje poj\u0119cie zwyk\u0142ego uniformu.<br>Ubrania, kt\u00f3re dot\u0105d kojarzy\u0142y si\u0119 z czym\u015b czysto u\u017cytkowym, staj\u0105 si\u0119 tu cz\u0119\u015bci\u0105 nowoczesnego, funkcjonalnego workwearu &#8211; zaprojektowanego z my\u015bl\u0105 o profesjonalistach.<\/p>\n\n\n\n<p class=\"has-text-align-center\" style=\"font-size:14px\">Tworz\u0105c kapsu\u0142ow\u0105 garderob\u0119 sk\u0142adaj\u0105c\u0105 si\u0119 z uniform\u00f3w, basic\u00f3w i wielofunkcyjnych akcesori\u00f3w, stawiamy na wygod\u0119, jako\u015b\u0107 i ponadczasowy styl. Str\u00f3j staje si\u0119 w\u00f3wczas czym\u015b wi\u0119cej ni\u017c tylko praktycznym ubiorem- jest form\u0105 wyra\u017cenia siebie i codziennym przypomnieniem, \u017ce pi\u0119kno i profesjonalizm mog\u0105 i\u015b\u0107 w parze.<\/p>\n\n\n\n<p class=\"has-text-align-center\" style=\"font-size:14px\">Paulina &amp; Michalina<\/p>","protected":false},"excerpt":{"rendered":"<p>Jeste\u015bmy lekarkami, kt\u00f3re postanowi\u0142y stworzy\u0107 co\u015b wi\u0119cej ni\u017c odzie\u017c medyczn\u0105.Po\u0142\u0105czy\u0142a nas pasja do medycyny, zami\u0142owanie do mody, wra\u017cliwo\u015b\u0107 na pi\u0119kno i inspiracje, kt\u00f3re przywozimy z podr\u00f3\u017cy. Tak narodzi\u0142a si\u0119 marka One Scrubs, w kt\u00f3rej funkcjonalno\u015b\u0107 spotyka si\u0119 z estetyk\u0105, a codzienno\u015b\u0107 w pracy zyskuje nowy wymiar.Wierzymy, \u017ce str\u00f3j, w kt\u00f3rym sp\u0119dzamy wi\u0119kszo\u015b\u0107 dnia, powinien przede&#8230;<\/p>","protected":false},"author":1,"featured_media":0,"parent":0,"menu_order":0,"comment_status":"closed","ping_status":"closed","template":"","meta":{"_kad_post_transparent":"","_kad_post_title":"","_kad_post_layout":"","_kad_post_sidebar_id":"","_kad_post_content_style":"","_kad_post_vertical_padding":"","_kad_post_feature":"","_kad_post_feature_position":"","_kad_post_header":false,"_kad_post_footer":false,"_kad_post_classname":"","footnotes":""},"class_list":["post-86","page","type-page","status-publish","hentry"],"yoast_head":"<!-- This site is optimized with the Yoast SEO plugin v27.4 - https:\/\/yoast.com\/product\/yoast-seo-wordpress\/ -->\n<title>O nas - OneScrubs.<\/title>\n<meta name=\"robots\" content=\"index, follow, max-snippet:-1, max-image-preview:large, max-video-preview:-1\" \/>\n<link rel=\"canonical\" href=\"https:\/\/onescrubs.com\/en\/o-nas\/\" \/>\n<meta property=\"og:locale\" content=\"en_US\" \/>\n<meta property=\"og:type\" content=\"article\" \/>\n<meta property=\"og:title\" content=\"O nas - OneScrubs.\" \/>\n<meta property=\"og:description\" content=\"Jeste\u015bmy lekarkami, kt\u00f3re postanowi\u0142y stworzy\u0107 co\u015b wi\u0119cej ni\u017c odzie\u017c medyczn\u0105.Po\u0142\u0105czy\u0142a nas pasja do medycyny, zami\u0142owanie do mody, wra\u017cliwo\u015b\u0107 na pi\u0119kno i inspiracje, kt\u00f3re przywozimy z podr\u00f3\u017cy. Tak narodzi\u0142a si\u0119 marka One Scrubs, w kt\u00f3rej funkcjonalno\u015b\u0107 spotyka si\u0119 z estetyk\u0105, a codzienno\u015b\u0107 w pracy zyskuje nowy wymiar.Wierzymy, \u017ce str\u00f3j, w kt\u00f3rym sp\u0119dzamy wi\u0119kszo\u015b\u0107 dnia, powinien przede...\" \/>\n<meta property=\"og:url\" content=\"https:\/\/onescrubs.com\/en\/o-nas\/\" \/>\n<meta property=\"og:site_name\" content=\"OneScrubs.\" \/>\n<meta property=\"article:publisher\" content=\"https:\/\/www.facebook.com\/profile.php?id=61583262397130\" \/>\n<meta property=\"article:modified_time\" content=\"2025-11-19T21:21:08+00:00\" \/>\n<meta property=\"og:image\" content=\"https:\/\/onescrubs.com\/wp-content\/uploads\/2025\/11\/IMG_1060-scaled.jpg\" \/>\n\t<meta property=\"og:image:width\" content=\"2560\" \/>\n\t<meta property=\"og:image:height\" content=\"1528\" \/>\n\t<meta property=\"og:image:type\" content=\"image\/jpeg\" \/>\n<meta name=\"twitter:card\" content=\"summary_large_image\" \/>\n<meta name=\"twitter:label1\" content=\"Est. reading time\" \/>\n\t<meta name=\"twitter:data1\" content=\"1 minute\" \/>\n<script type=\"application\/ld+json\" class=\"yoast-schema-graph\">{\"@context\":\"https:\\\/\\\/schema.org\",\"@graph\":[{\"@type\":\"WebPage\",\"@id\":\"https:\\\/\\\/onescrubs.com\\\/o-nas\\\/\",\"url\":\"https:\\\/\\\/onescrubs.com\\\/o-nas\\\/\",\"name\":\"O nas - OneScrubs.\",\"isPartOf\":{\"@id\":\"https:\\\/\\\/onescrubs.com\\\/#website\"},\"primaryImageOfPage\":{\"@id\":\"https:\\\/\\\/onescrubs.com\\\/o-nas\\\/#primaryimage\"},\"image\":{\"@id\":\"https:\\\/\\\/onescrubs.com\\\/o-nas\\\/#primaryimage\"},\"thumbnailUrl\":\"https:\\\/\\\/onescrubs.com\\\/wp-content\\\/uploads\\\/2025\\\/11\\\/IMG_1060-1024x611.jpg\",\"datePublished\":\"2025-09-18T19:46:46+00:00\",\"dateModified\":\"2025-11-19T21:21:08+00:00\",\"breadcrumb\":{\"@id\":\"https:\\\/\\\/onescrubs.com\\\/o-nas\\\/#breadcrumb\"},\"inLanguage\":\"en-US\",\"potentialAction\":[{\"@type\":\"ReadAction\",\"target\":[\"https:\\\/\\\/onescrubs.com\\\/o-nas\\\/\"]}]},{\"@type\":\"ImageObject\",\"inLanguage\":\"en-US\",\"@id\":\"https:\\\/\\\/onescrubs.com\\\/o-nas\\\/#primaryimage\",\"url\":\"https:\\\/\\\/onescrubs.com\\\/wp-content\\\/uploads\\\/2025\\\/11\\\/IMG_1060-1024x611.jpg\",\"contentUrl\":\"https:\\\/\\\/onescrubs.com\\\/wp-content\\\/uploads\\\/2025\\\/11\\\/IMG_1060-1024x611.jpg\"},{\"@type\":\"BreadcrumbList\",\"@id\":\"https:\\\/\\\/onescrubs.com\\\/o-nas\\\/#breadcrumb\",\"itemListElement\":[{\"@type\":\"ListItem\",\"position\":1,\"name\":\"Strona g\u0142\u00f3wna\",\"item\":\"https:\\\/\\\/onescrubs.com\\\/\"},{\"@type\":\"ListItem\",\"position\":2,\"name\":\"O nas\"}]},{\"@type\":\"WebSite\",\"@id\":\"https:\\\/\\\/onescrubs.com\\\/#website\",\"url\":\"https:\\\/\\\/onescrubs.com\\\/\",\"name\":\"OneScrubs.\",\"description\":\"\",\"publisher\":{\"@id\":\"https:\\\/\\\/onescrubs.com\\\/#organization\"},\"potentialAction\":[{\"@type\":\"SearchAction\",\"target\":{\"@type\":\"EntryPoint\",\"urlTemplate\":\"https:\\\/\\\/onescrubs.com\\\/?s={search_term_string}\"},\"query-input\":{\"@type\":\"PropertyValueSpecification\",\"valueRequired\":true,\"valueName\":\"search_term_string\"}}],\"inLanguage\":\"en-US\"},{\"@type\":\"Organization\",\"@id\":\"https:\\\/\\\/onescrubs.com\\\/#organization\",\"name\":\"OneScrubs.\",\"url\":\"https:\\\/\\\/onescrubs.com\\\/\",\"logo\":{\"@type\":\"ImageObject\",\"inLanguage\":\"en-US\",\"@id\":\"https:\\\/\\\/onescrubs.com\\\/#\\\/schema\\\/logo\\\/image\\\/\",\"url\":\"https:\\\/\\\/onescrubs.com\\\/wp-content\\\/uploads\\\/2025\\\/09\\\/PNG-scaled.png\",\"contentUrl\":\"https:\\\/\\\/onescrubs.com\\\/wp-content\\\/uploads\\\/2025\\\/09\\\/PNG-scaled.png\",\"width\":2560,\"height\":400,\"caption\":\"OneScrubs.\"},\"image\":{\"@id\":\"https:\\\/\\\/onescrubs.com\\\/#\\\/schema\\\/logo\\\/image\\\/\"},\"sameAs\":[\"https:\\\/\\\/www.facebook.com\\\/profile.php?id=61583262397130\",\"https:\\\/\\\/www.instagram.com\\\/one_scrubs\\\/\"]}]}<\/script>\n<!-- \/ Yoast SEO plugin. -->","yoast_head_json":{"title":"O nas - OneScrubs.","robots":{"index":"index","follow":"follow","max-snippet":"max-snippet:-1","max-image-preview":"max-image-preview:large","max-video-preview":"max-video-preview:-1"},"canonical":"https:\/\/onescrubs.com\/en\/o-nas\/","og_locale":"en_US","og_type":"article","og_title":"O nas - OneScrubs.","og_description":"Jeste\u015bmy lekarkami, kt\u00f3re postanowi\u0142y stworzy\u0107 co\u015b wi\u0119cej ni\u017c odzie\u017c medyczn\u0105.Po\u0142\u0105czy\u0142a nas pasja do medycyny, zami\u0142owanie do mody, wra\u017cliwo\u015b\u0107 na pi\u0119kno i inspiracje, kt\u00f3re przywozimy z podr\u00f3\u017cy. Tak narodzi\u0142a si\u0119 marka One Scrubs, w kt\u00f3rej funkcjonalno\u015b\u0107 spotyka si\u0119 z estetyk\u0105, a codzienno\u015b\u0107 w pracy zyskuje nowy wymiar.Wierzymy, \u017ce str\u00f3j, w kt\u00f3rym sp\u0119dzamy wi\u0119kszo\u015b\u0107 dnia, powinien przede...","og_url":"https:\/\/onescrubs.com\/en\/o-nas\/","og_site_name":"OneScrubs.","article_publisher":"https:\/\/www.facebook.com\/profile.php?id=61583262397130","article_modified_time":"2025-11-19T21:21:08+00:00","og_image":[{"width":2560,"height":1528,"url":"https:\/\/onescrubs.com\/wp-content\/uploads\/2025\/11\/IMG_1060-scaled.jpg","type":"image\/jpeg"}],"twitter_card":"summary_large_image","twitter_misc":{"Est. reading time":"1 minute"},"schema":{"@context":"https:\/\/schema.org","@graph":[{"@type":"WebPage","@id":"https:\/\/onescrubs.com\/o-nas\/","url":"https:\/\/onescrubs.com\/o-nas\/","name":"O nas - OneScrubs.","isPartOf":{"@id":"https:\/\/onescrubs.com\/#website"},"primaryImageOfPage":{"@id":"https:\/\/onescrubs.com\/o-nas\/#primaryimage"},"image":{"@id":"https:\/\/onescrubs.com\/o-nas\/#primaryimage"},"thumbnailUrl":"https:\/\/onescrubs.com\/wp-content\/uploads\/2025\/11\/IMG_1060-1024x611.jpg","datePublished":"2025-09-18T19:46:46+00:00","dateModified":"2025-11-19T21:21:08+00:00","breadcrumb":{"@id":"https:\/\/onescrubs.com\/o-nas\/#breadcrumb"},"inLanguage":"en-US","potentialAction":[{"@type":"ReadAction","target":["https:\/\/onescrubs.com\/o-nas\/"]}]},{"@type":"ImageObject","inLanguage":"en-US","@id":"https:\/\/onescrubs.com\/o-nas\/#primaryimage","url":"https:\/\/onescrubs.com\/wp-content\/uploads\/2025\/11\/IMG_1060-1024x611.jpg","contentUrl":"https:\/\/onescrubs.com\/wp-content\/uploads\/2025\/11\/IMG_1060-1024x611.jpg"},{"@type":"BreadcrumbList","@id":"https:\/\/onescrubs.com\/o-nas\/#breadcrumb","itemListElement":[{"@type":"ListItem","position":1,"name":"Strona g\u0142\u00f3wna","item":"https:\/\/onescrubs.com\/"},{"@type":"ListItem","position":2,"name":"O nas"}]},{"@type":"WebSite","@id":"https:\/\/onescrubs.com\/#website","url":"https:\/\/onescrubs.com\/","name":"OneScrubs.","description":"","publisher":{"@id":"https:\/\/onescrubs.com\/#organization"},"potentialAction":[{"@type":"SearchAction","target":{"@type":"EntryPoint","urlTemplate":"https:\/\/onescrubs.com\/?s={search_term_string}"},"query-input":{"@type":"PropertyValueSpecification","valueRequired":true,"valueName":"search_term_string"}}],"inLanguage":"en-US"},{"@type":"Organization","@id":"https:\/\/onescrubs.com\/#organization","name":"OneScrubs.","url":"https:\/\/onescrubs.com\/","logo":{"@type":"ImageObject","inLanguage":"en-US","@id":"https:\/\/onescrubs.com\/#\/schema\/logo\/image\/","url":"https:\/\/onescrubs.com\/wp-content\/uploads\/2025\/09\/PNG-scaled.png","contentUrl":"https:\/\/onescrubs.com\/wp-content\/uploads\/2025\/09\/PNG-scaled.png","width":2560,"height":400,"caption":"OneScrubs."},"image":{"@id":"https:\/\/onescrubs.com\/#\/schema\/logo\/image\/"},"sameAs":["https:\/\/www.facebook.com\/profile.php?id=61583262397130","https:\/\/www.instagram.com\/one_scrubs\/"]}]}},"_links":{"self":[{"href":"https:\/\/onescrubs.com\/en\/wp-json\/wp\/v2\/pages\/86","targetHints":{"allow":["GET"]}}],"collection":[{"href":"https:\/\/onescrubs.com\/en\/wp-json\/wp\/v2\/pages"}],"about":[{"href":"https:\/\/onescrubs.com\/en\/wp-json\/wp\/v2\/types\/page"}],"author":[{"embeddable":true,"href":"https:\/\/onescrubs.com\/en\/wp-json\/wp\/v2\/users\/1"}],"replies":[{"embeddable":true,"href":"https:\/\/onescrubs.com\/en\/wp-json\/wp\/v2\/comments?post=86"}],"version-history":[{"count":20,"href":"https:\/\/onescrubs.com\/en\/wp-json\/wp\/v2\/pages\/86\/revisions"}],"predecessor-version":[{"id":579,"href":"https:\/\/onescrubs.com\/en\/wp-json\/wp\/v2\/pages\/86\/revisions\/579"}],"wp:attachment":[{"href":"https:\/\/onescrubs.com\/en\/wp-json\/wp\/v2\/media?parent=86"}],"curies":[{"name":"wp","href":"https:\/\/api.w.org\/{rel}","templated":true}]}}